{"id":904,"date":"2017-10-20T16:02:15","date_gmt":"2017-10-20T14:02:15","guid":{"rendered":"http:\/\/www.valvignes.com\/?page_id=904"},"modified":"2024-09-18T09:35:54","modified_gmt":"2024-09-18T07:35:54","slug":"hotel","status":"publish","type":"page","link":"https:\/\/www.valvignes.com\/fr\/hotel\/","title":{"rendered":"H\u00f4tel"},"content":{"rendered":"<section class=\"section wow fadeInUp\" data-wow-duration=\"1000ms\" data-wow-delay=\"300ms\">\n<div class=\"container\">\n<div class=\"row backgroundWhite textPadding\">\n<div class=\"col-sm-8 col-sm-offset-2\">\n<h1>H\u00f4tel<\/h1>\n<h3 class=\"handwritten\">Laissez-vous s\u00e9duire par l\u2019art de vivre et le raffinement de l&rsquo;H\u00f4tel Val-Vignes !<\/h3>\n<p>Sur la <a href=\"http:\/\/www.valvignes.com\/visites\/#route\">Route des Vins d&rsquo;Alsace<\/a>, au c\u0153ur des vignes et sur les hauteurs du petit village pittoresque de <a href=\"http:\/\/www.valvignes.com\/visites\/#hippolyte\">Saint-Hippolyte<\/a>, l\u2019H\u00f4tel Val-Vignes\u00a0privil\u00e9gie votre confort et vous offre un service discret et attentionn\u00e9.<\/p>\n<p>Notre restaurant, <a href=\"http:\/\/www.valvignes.com\/restaurant\/\">La Table de Val-Vignes<\/a>, vous surprendra avec sa carte cr\u00e9ative et gourmande.<\/p>\n<p>Avec leur vue d\u00e9gag\u00e9e sur le vignoble alsacien, le c\u00e9l\u00e8bre\u00a0<a href=\"http:\/\/www.valvignes.com\/visites\/#koenigsbourg\">ch\u00e2teau du Haut-K\u0153nigsbourg<\/a>, le village\u00a0ou la plaine d\u2019Alsace, nos chambres spacieuses et confortables vous garantissent calme et s\u00e9r\u00e9nit\u00e9. Pour am\u00e9liorer l\u2019accueil des groupes et des familles, l\u2019h\u00f4tel dispose de plusieurs chambres triples et d\u2019une chambre familiale (jusqu\u2019\u00e0 5 personnes). Elles conjuguent un haut niveau de confort et de technologie.<\/p>\n<div class=\"center marginTop40\"><a id=\"bt_reservit\" class=\"btn btn-default bt_reservit\"><\/a>R\u00e9server en ligne<\/div>\n<\/div>\n<\/div>\n<\/div>\n<\/section>\n<section class=\"section wow fadeInUp\" data-wow-duration=\"1000ms\" data-wow-delay=\"300ms\">\n<div class=\"container paddingZero\"><img decoding=\"async\" src=\"http:\/\/www.valvignes.com\/wp-content\/uploads\/2017\/08\/img_hotel03.jpg\" alt=\"\" \/><\/div>\n<\/section>\n<section class=\"section wow fadeInUp\" data-wow-duration=\"1000ms\" data-wow-delay=\"300ms\">\n<div class=\"container\">\n<div class=\"row backgroundWhite textPadding\">\n<div class=\"col-sm-8 col-sm-offset-2\">\n<h2>Prestations et services<\/h2>\n<ul>\n<li>800 m\u00b2 de terrasse avec une vue imprenable sur la plaine d\u2019Alsace<\/li>\n<li><a href=\"http:\/\/www.valvignes.com\/restaurant\/\">Restaurant<\/a>\u00a0bistronomique \u00e0 base de produits frais et de saison<\/li>\n<li>Bar avec salon<\/li>\n<li><a href=\"http:\/\/www.valvignes.com\/activites\/#detente\">Sauna et hammam <\/a><\/li>\n<li>400 m\u00b2 de salles de conf\u00e9rences et <a href=\"http:\/\/www.valvignes.com\/seminaires\/\">s\u00e9minaires<\/a><\/li>\n<li>Salle de jeux avec billard, babyfoot, jeu de fl\u00e9chettes, jukebox&#8230;<\/li>\n<li>Parking gratuit<\/li>\n<li>Acc\u00e8s Wi-Fi<\/li>\n<li>Lit b\u00e9b\u00e9 sur demande (gratuit)<\/li>\n<li>Animaux de compagnie admis<\/li>\n<li>Personnel multilingue<\/li>\n<\/ul>\n<\/div>\n<\/div>\n<\/div>\n<\/section>\n<section class=\"section wow fadeInUp\" data-wow-duration=\"1000ms\" data-wow-delay=\"300ms\">\n<div class=\"container paddingZero\"><img decoding=\"async\" src=\"http:\/\/www.valvignes.com\/wp-content\/uploads\/2017\/08\/img_chambre01.jpg\" alt=\"\" \/><\/div>\n<\/section>\n<section class=\"section wow fadeInUp\" data-wow-duration=\"1000ms\" data-wow-delay=\"300ms\">\n<div class=\"container\">\n<div class=\"row backgroundWhite textPadding\">\n<div class=\"col-sm-8 col-sm-offset-2\">\n<h2>Prestations en chambre<\/h2>\n<ul>\n<li>Literie de qualit\u00e9<\/li>\n<li>Ecran plat<\/li>\n<li>Cha\u00eenes satellites et TNT fran\u00e7aise, allemande, suisse et anglaise<\/li>\n<li>Acc\u00e8s internet<\/li>\n<li>T\u00e9l\u00e9phone<\/li>\n<li>Douche \u00e0 l&rsquo;italienne<\/li>\n<li>S\u00e8che-cheveux<\/li>\n<li>Certaines avec toilettes s\u00e9par\u00e9es<\/li>\n<li>Produits d\u2019accueil de qualit\u00e9<\/li>\n<\/ul>\n<\/div>\n<\/div>\n<\/div>\n<\/section>\n<section class=\"section wow fadeInUp\" data-wow-duration=\"1000ms\" data-wow-delay=\"300ms\">\n<div class=\"container paddingZero\"><img decoding=\"async\" src=\"http:\/\/www.valvignes.com\/wp-content\/uploads\/2017\/08\/img_chambre02.jpg\" alt=\"\" \/><\/div>\n<\/section>\n<section class=\"section wow fadeInUp\" data-wow-duration=\"1000ms\" data-wow-delay=\"300ms\">\n<div class=\"container\">\n<div class=\"row backgroundWhite textPadding\">\n<div class=\"col-sm-8 col-sm-offset-2\">\n<h3>Votre prochain s\u00e9jour \u00e0 l&rsquo;H\u00f4tel Val-Vignes<\/h3>\n<div class=\"center marginBottom30\"><a id=\"bt_reservit\" class=\"btn btn-default bt_reservit\"><\/a>R\u00e9server en ligne<\/div>\n<p class=\"center small\">par t\u00e9l\u00e9phone : <a href=\"tel:0033389223400\">03 89 22 34 00<\/a><br \/>\nou par e-mail : <a href=\"mailto:contact@valvignes.com\">contact@valvignes.com<\/a><\/p>\n<\/div>\n<\/div>\n<\/div>\n<\/section>\n<div class=\"espaceEnd\"><\/div>\n","protected":false},"excerpt":{"rendered":"<p>H\u00f4tel Laissez-vous s\u00e9duire par l\u2019art de vivre et le raffinement de l&rsquo;H\u00f4tel Val-Vignes ! Sur la Route des Vins d&rsquo;Alsace, au c\u0153ur des vignes et sur les hauteurs du petit village pittoresque de Saint-Hippolyte, l\u2019H\u00f4tel Val-Vignes\u00a0privil\u00e9gie votre confort et vous offre un service discret et attentionn\u00e9. Notre restaurant, La Table de Val-Vignes, vous surprendra avec [&hellip;]<\/p>\n","protected":false},"author":1,"featured_media":16942,"parent":0,"menu_order":0,"comment_status":"closed","ping_status":"closed","template":"page-flexible.php","meta":{"_acf_changed":false,"footnotes":""},"class_list":["post-904","page","type-page","status-publish","has-post-thumbnail","hentry"],"acf":[],"yoast_head":"<!-- This site is optimized with the Yoast SEO plugin v26.6 - https:\/\/yoast.com\/wordpress\/plugins\/seo\/ -->\n<title>H\u00f4tel - H\u00f4tel Val-Vignes - Saint-Hippolyte, Alsace - Route des Vins<\/title>\n<meta name=\"description\" content=\"Sur la Route des Vins d\u2019Alsace, au c\u0153ur des vignes et sur les hauteurs du petit village pittoresque de Saint-Hippolyte, pas loin de S\u00e9lestat et Colmar\" \/>\n<meta name=\"robots\" content=\"index, follow, max-snippet:-1, max-image-preview:large, max-video-preview:-1\" \/>\n<link rel=\"canonical\" href=\"https:\/\/www.valvignes.com\/fr\/hotel\/\" \/>\n<meta property=\"og:locale\" content=\"fr_FR\" \/>\n<meta property=\"og:type\" content=\"article\" \/>\n<meta property=\"og:title\" content=\"H\u00f4tel - H\u00f4tel Val-Vignes - Saint-Hippolyte, Alsace - Route des Vins\" \/>\n<meta property=\"og:description\" content=\"Sur la Route des Vins d\u2019Alsace, au c\u0153ur des vignes et sur les hauteurs du petit village pittoresque de Saint-Hippolyte, pas loin de S\u00e9lestat et Colmar\" \/>\n<meta property=\"og:url\" content=\"https:\/\/www.valvignes.com\/fr\/hotel\/\" \/>\n<meta property=\"og:site_name\" content=\"H\u00f4tel Val-Vignes\" \/>\n<meta property=\"article:modified_time\" content=\"2024-09-18T07:35:54+00:00\" \/>\n<meta property=\"og:image\" content=\"https:\/\/www.valvignes.com\/wp-content\/uploads\/2023\/05\/Terrasse-Hotel-7.jpg\" \/>\n\t<meta property=\"og:image:width\" content=\"1600\" \/>\n\t<meta property=\"og:image:height\" content=\"1181\" \/>\n\t<meta property=\"og:image:type\" content=\"image\/jpeg\" \/>\n<meta name=\"twitter:card\" content=\"summary_large_image\" \/>\n<meta name=\"twitter:label1\" content=\"Dur\u00e9e de lecture estim\u00e9e\" \/>\n\t<meta name=\"twitter:data1\" content=\"2 minutes\" \/>\n<script type=\"application\/ld+json\" class=\"yoast-schema-graph\">{\"@context\":\"https:\/\/schema.org\",\"@graph\":[{\"@type\":\"WebPage\",\"@id\":\"https:\/\/www.valvignes.com\/fr\/hotel\/\",\"url\":\"https:\/\/www.valvignes.com\/fr\/hotel\/\",\"name\":\"H\u00f4tel - H\u00f4tel Val-Vignes - Saint-Hippolyte, Alsace - Route des Vins\",\"isPartOf\":{\"@id\":\"https:\/\/www.valvignes.com\/fr\/#website\"},\"primaryImageOfPage\":{\"@id\":\"https:\/\/www.valvignes.com\/fr\/hotel\/#primaryimage\"},\"image\":{\"@id\":\"https:\/\/www.valvignes.com\/fr\/hotel\/#primaryimage\"},\"thumbnailUrl\":\"https:\/\/www.valvignes.com\/wp-content\/uploads\/2023\/05\/Terrasse-Hotel-7.jpg\",\"datePublished\":\"2017-10-20T14:02:15+00:00\",\"dateModified\":\"2024-09-18T07:35:54+00:00\",\"description\":\"Sur la Route des Vins d\u2019Alsace, au c\u0153ur des vignes et sur les hauteurs du petit village pittoresque de Saint-Hippolyte, pas loin de S\u00e9lestat et Colmar\",\"breadcrumb\":{\"@id\":\"https:\/\/www.valvignes.com\/fr\/hotel\/#breadcrumb\"},\"inLanguage\":\"fr-FR\",\"potentialAction\":[{\"@type\":\"ReadAction\",\"target\":[\"https:\/\/www.valvignes.com\/fr\/hotel\/\"]}]},{\"@type\":\"ImageObject\",\"inLanguage\":\"fr-FR\",\"@id\":\"https:\/\/www.valvignes.com\/fr\/hotel\/#primaryimage\",\"url\":\"https:\/\/www.valvignes.com\/wp-content\/uploads\/2023\/05\/Terrasse-Hotel-7.jpg\",\"contentUrl\":\"https:\/\/www.valvignes.com\/wp-content\/uploads\/2023\/05\/Terrasse-Hotel-7.jpg\",\"width\":1600,\"height\":1181},{\"@type\":\"BreadcrumbList\",\"@id\":\"https:\/\/www.valvignes.com\/fr\/hotel\/#breadcrumb\",\"itemListElement\":[{\"@type\":\"ListItem\",\"position\":1,\"name\":\"Accueil\",\"item\":\"https:\/\/www.valvignes.com\/fr\/\"},{\"@type\":\"ListItem\",\"position\":2,\"name\":\"H\u00f4tel\"}]},{\"@type\":\"WebSite\",\"@id\":\"https:\/\/www.valvignes.com\/fr\/#website\",\"url\":\"https:\/\/www.valvignes.com\/fr\/\",\"name\":\"H\u00f4tel Val-Vignes\",\"description\":\"Membre de QUALYS-HOTEL\",\"potentialAction\":[{\"@type\":\"SearchAction\",\"target\":{\"@type\":\"EntryPoint\",\"urlTemplate\":\"https:\/\/www.valvignes.com\/fr\/?s={search_term_string}\"},\"query-input\":{\"@type\":\"PropertyValueSpecification\",\"valueRequired\":true,\"valueName\":\"search_term_string\"}}],\"inLanguage\":\"fr-FR\"}]}<\/script>\n<!-- \/ Yoast SEO plugin. -->","yoast_head_json":{"title":"H\u00f4tel - H\u00f4tel Val-Vignes - Saint-Hippolyte, Alsace - Route des Vins","description":"Sur la Route des Vins d\u2019Alsace, au c\u0153ur des vignes et sur les hauteurs du petit village pittoresque de Saint-Hippolyte, pas loin de S\u00e9lestat et Colmar","robots":{"index":"index","follow":"follow","max-snippet":"max-snippet:-1","max-image-preview":"max-image-preview:large","max-video-preview":"max-video-preview:-1"},"canonical":"https:\/\/www.valvignes.com\/fr\/hotel\/","og_locale":"fr_FR","og_type":"article","og_title":"H\u00f4tel - H\u00f4tel Val-Vignes - Saint-Hippolyte, Alsace - Route des Vins","og_description":"Sur la Route des Vins d\u2019Alsace, au c\u0153ur des vignes et sur les hauteurs du petit village pittoresque de Saint-Hippolyte, pas loin de S\u00e9lestat et Colmar","og_url":"https:\/\/www.valvignes.com\/fr\/hotel\/","og_site_name":"H\u00f4tel Val-Vignes","article_modified_time":"2024-09-18T07:35:54+00:00","og_image":[{"width":1600,"height":1181,"url":"https:\/\/www.valvignes.com\/wp-content\/uploads\/2023\/05\/Terrasse-Hotel-7.jpg","type":"image\/jpeg"}],"twitter_card":"summary_large_image","twitter_misc":{"Dur\u00e9e de lecture estim\u00e9e":"2 minutes"},"schema":{"@context":"https:\/\/schema.org","@graph":[{"@type":"WebPage","@id":"https:\/\/www.valvignes.com\/fr\/hotel\/","url":"https:\/\/www.valvignes.com\/fr\/hotel\/","name":"H\u00f4tel - H\u00f4tel Val-Vignes - Saint-Hippolyte, Alsace - Route des Vins","isPartOf":{"@id":"https:\/\/www.valvignes.com\/fr\/#website"},"primaryImageOfPage":{"@id":"https:\/\/www.valvignes.com\/fr\/hotel\/#primaryimage"},"image":{"@id":"https:\/\/www.valvignes.com\/fr\/hotel\/#primaryimage"},"thumbnailUrl":"https:\/\/www.valvignes.com\/wp-content\/uploads\/2023\/05\/Terrasse-Hotel-7.jpg","datePublished":"2017-10-20T14:02:15+00:00","dateModified":"2024-09-18T07:35:54+00:00","description":"Sur la Route des Vins d\u2019Alsace, au c\u0153ur des vignes et sur les hauteurs du petit village pittoresque de Saint-Hippolyte, pas loin de S\u00e9lestat et Colmar","breadcrumb":{"@id":"https:\/\/www.valvignes.com\/fr\/hotel\/#breadcrumb"},"inLanguage":"fr-FR","potentialAction":[{"@type":"ReadAction","target":["https:\/\/www.valvignes.com\/fr\/hotel\/"]}]},{"@type":"ImageObject","inLanguage":"fr-FR","@id":"https:\/\/www.valvignes.com\/fr\/hotel\/#primaryimage","url":"https:\/\/www.valvignes.com\/wp-content\/uploads\/2023\/05\/Terrasse-Hotel-7.jpg","contentUrl":"https:\/\/www.valvignes.com\/wp-content\/uploads\/2023\/05\/Terrasse-Hotel-7.jpg","width":1600,"height":1181},{"@type":"BreadcrumbList","@id":"https:\/\/www.valvignes.com\/fr\/hotel\/#breadcrumb","itemListElement":[{"@type":"ListItem","position":1,"name":"Accueil","item":"https:\/\/www.valvignes.com\/fr\/"},{"@type":"ListItem","position":2,"name":"H\u00f4tel"}]},{"@type":"WebSite","@id":"https:\/\/www.valvignes.com\/fr\/#website","url":"https:\/\/www.valvignes.com\/fr\/","name":"H\u00f4tel Val-Vignes","description":"Membre de QUALYS-HOTEL","potentialAction":[{"@type":"SearchAction","target":{"@type":"EntryPoint","urlTemplate":"https:\/\/www.valvignes.com\/fr\/?s={search_term_string}"},"query-input":{"@type":"PropertyValueSpecification","valueRequired":true,"valueName":"search_term_string"}}],"inLanguage":"fr-FR"}]}},"_links":{"self":[{"href":"https:\/\/www.valvignes.com\/fr\/wp-json\/wp\/v2\/pages\/904","targetHints":{"allow":["GET"]}}],"collection":[{"href":"https:\/\/www.valvignes.com\/fr\/wp-json\/wp\/v2\/pages"}],"about":[{"href":"https:\/\/www.valvignes.com\/fr\/wp-json\/wp\/v2\/types\/page"}],"author":[{"embeddable":true,"href":"https:\/\/www.valvignes.com\/fr\/wp-json\/wp\/v2\/users\/1"}],"replies":[{"embeddable":true,"href":"https:\/\/www.valvignes.com\/fr\/wp-json\/wp\/v2\/comments?post=904"}],"version-history":[{"count":74,"href":"https:\/\/www.valvignes.com\/fr\/wp-json\/wp\/v2\/pages\/904\/revisions"}],"predecessor-version":[{"id":23627,"href":"https:\/\/www.valvignes.com\/fr\/wp-json\/wp\/v2\/pages\/904\/revisions\/23627"}],"wp:featuredmedia":[{"embeddable":true,"href":"https:\/\/www.valvignes.com\/fr\/wp-json\/wp\/v2\/media\/16942"}],"wp:attachment":[{"href":"https:\/\/www.valvignes.com\/fr\/wp-json\/wp\/v2\/media?parent=904"}],"curies":[{"name":"wp","href":"https:\/\/api.w.org\/{rel}","templated":true}]}}