{"id":25249,"date":"2025-01-21T13:42:21","date_gmt":"2025-01-21T12:42:21","guid":{"rendered":"https:\/\/www.valvignes.com\/?page_id=25249"},"modified":"2026-04-12T19:10:45","modified_gmt":"2026-04-12T17:10:45","slug":"evenements-2","status":"publish","type":"page","link":"https:\/\/www.valvignes.com\/fr\/evenements-2\/","title":{"rendered":"\u00c9v\u00e8nements"},"content":{"rendered":"","protected":false},"excerpt":{"rendered":"","protected":false},"author":2,"featured_media":25281,"parent":0,"menu_order":0,"comment_status":"closed","ping_status":"closed","template":"page-flexible.php","meta":{"_acf_changed":false,"footnotes":""},"class_list":["post-25249","page","type-page","status-publish","has-post-thumbnail","hentry"],"acf":[],"yoast_head":"<!-- This site is optimized with the Yoast SEO plugin v26.6 - https:\/\/yoast.com\/wordpress\/plugins\/seo\/ -->\n<title>Ev\u00e8nements - H\u00f4tel Val-Vignes - Saint-Hippolyte, Alsace<\/title>\n<meta name=\"description\" content=\"Retrouvez ici l&#039;actualit\u00e9 et les \u00e9v\u00e8nements de l&#039;H\u00f4tel Val-Vignes. N&#039;h\u00e9sitez pas \u00e0 revenir r\u00e9guli\u00e8rement !\" \/>\n<meta name=\"robots\" content=\"index, follow, max-snippet:-1, max-image-preview:large, max-video-preview:-1\" \/>\n<link rel=\"canonical\" href=\"https:\/\/www.valvignes.com\/fr\/evenements-2\/\" \/>\n<meta property=\"og:locale\" content=\"fr_FR\" \/>\n<meta property=\"og:type\" content=\"article\" \/>\n<meta property=\"og:title\" content=\"Ev\u00e8nements - H\u00f4tel Val-Vignes - Saint-Hippolyte, Alsace\" \/>\n<meta property=\"og:description\" content=\"Retrouvez ici l&#039;actualit\u00e9 et les \u00e9v\u00e8nements de l&#039;H\u00f4tel Val-Vignes. N&#039;h\u00e9sitez pas \u00e0 revenir r\u00e9guli\u00e8rement !\" \/>\n<meta property=\"og:url\" content=\"https:\/\/www.valvignes.com\/fr\/evenements-2\/\" \/>\n<meta property=\"og:site_name\" content=\"H\u00f4tel Val-Vignes\" \/>\n<meta property=\"article:modified_time\" content=\"2026-04-12T17:10:45+00:00\" \/>\n<meta property=\"og:image\" content=\"https:\/\/www.valvignes.com\/wp-content\/uploads\/2025\/01\/fond_evenements.jpg\" \/>\n\t<meta property=\"og:image:width\" content=\"1600\" \/>\n\t<meta property=\"og:image:height\" content=\"911\" \/>\n\t<meta property=\"og:image:type\" content=\"image\/jpeg\" \/>\n<meta name=\"twitter:card\" content=\"summary_large_image\" \/>\n<meta name=\"twitter:label1\" content=\"Dur\u00e9e de lecture estim\u00e9e\" \/>\n\t<meta name=\"twitter:data1\" content=\"1 minute\" \/>\n<script type=\"application\/ld+json\" class=\"yoast-schema-graph\">{\"@context\":\"https:\/\/schema.org\",\"@graph\":[{\"@type\":\"WebPage\",\"@id\":\"https:\/\/www.valvignes.com\/fr\/evenements-2\/\",\"url\":\"https:\/\/www.valvignes.com\/fr\/evenements-2\/\",\"name\":\"Ev\u00e8nements - H\u00f4tel Val-Vignes - Saint-Hippolyte, Alsace\",\"isPartOf\":{\"@id\":\"https:\/\/www.valvignes.com\/fr\/#website\"},\"primaryImageOfPage\":{\"@id\":\"https:\/\/www.valvignes.com\/fr\/evenements-2\/#primaryimage\"},\"image\":{\"@id\":\"https:\/\/www.valvignes.com\/fr\/evenements-2\/#primaryimage\"},\"thumbnailUrl\":\"https:\/\/www.valvignes.com\/wp-content\/uploads\/2025\/01\/fond_evenements.jpg\",\"datePublished\":\"2025-01-21T12:42:21+00:00\",\"dateModified\":\"2026-04-12T17:10:45+00:00\",\"description\":\"Retrouvez ici l'actualit\u00e9 et les \u00e9v\u00e8nements de l'H\u00f4tel Val-Vignes. N'h\u00e9sitez pas \u00e0 revenir r\u00e9guli\u00e8rement !\",\"breadcrumb\":{\"@id\":\"https:\/\/www.valvignes.com\/fr\/evenements-2\/#breadcrumb\"},\"inLanguage\":\"fr-FR\",\"potentialAction\":[{\"@type\":\"ReadAction\",\"target\":[\"https:\/\/www.valvignes.com\/fr\/evenements-2\/\"]}]},{\"@type\":\"ImageObject\",\"inLanguage\":\"fr-FR\",\"@id\":\"https:\/\/www.valvignes.com\/fr\/evenements-2\/#primaryimage\",\"url\":\"https:\/\/www.valvignes.com\/wp-content\/uploads\/2025\/01\/fond_evenements.jpg\",\"contentUrl\":\"https:\/\/www.valvignes.com\/wp-content\/uploads\/2025\/01\/fond_evenements.jpg\",\"width\":1600,\"height\":911},{\"@type\":\"BreadcrumbList\",\"@id\":\"https:\/\/www.valvignes.com\/fr\/evenements-2\/#breadcrumb\",\"itemListElement\":[{\"@type\":\"ListItem\",\"position\":1,\"name\":\"Accueil\",\"item\":\"https:\/\/www.valvignes.com\/fr\/\"},{\"@type\":\"ListItem\",\"position\":2,\"name\":\"\u00c9v\u00e8nements\"}]},{\"@type\":\"WebSite\",\"@id\":\"https:\/\/www.valvignes.com\/fr\/#website\",\"url\":\"https:\/\/www.valvignes.com\/fr\/\",\"name\":\"H\u00f4tel Val-Vignes\",\"description\":\"Membre de QUALYS-HOTEL\",\"potentialAction\":[{\"@type\":\"SearchAction\",\"target\":{\"@type\":\"EntryPoint\",\"urlTemplate\":\"https:\/\/www.valvignes.com\/fr\/?s={search_term_string}\"},\"query-input\":{\"@type\":\"PropertyValueSpecification\",\"valueRequired\":true,\"valueName\":\"search_term_string\"}}],\"inLanguage\":\"fr-FR\"}]}<\/script>\n<!-- \/ Yoast SEO plugin. -->","yoast_head_json":{"title":"Ev\u00e8nements - H\u00f4tel Val-Vignes - Saint-Hippolyte, Alsace","description":"Retrouvez ici l'actualit\u00e9 et les \u00e9v\u00e8nements de l'H\u00f4tel Val-Vignes. N'h\u00e9sitez pas \u00e0 revenir r\u00e9guli\u00e8rement !","robots":{"index":"index","follow":"follow","max-snippet":"max-snippet:-1","max-image-preview":"max-image-preview:large","max-video-preview":"max-video-preview:-1"},"canonical":"https:\/\/www.valvignes.com\/fr\/evenements-2\/","og_locale":"fr_FR","og_type":"article","og_title":"Ev\u00e8nements - H\u00f4tel Val-Vignes - Saint-Hippolyte, Alsace","og_description":"Retrouvez ici l'actualit\u00e9 et les \u00e9v\u00e8nements de l'H\u00f4tel Val-Vignes. N'h\u00e9sitez pas \u00e0 revenir r\u00e9guli\u00e8rement !","og_url":"https:\/\/www.valvignes.com\/fr\/evenements-2\/","og_site_name":"H\u00f4tel Val-Vignes","article_modified_time":"2026-04-12T17:10:45+00:00","og_image":[{"width":1600,"height":911,"url":"https:\/\/www.valvignes.com\/wp-content\/uploads\/2025\/01\/fond_evenements.jpg","type":"image\/jpeg"}],"twitter_card":"summary_large_image","twitter_misc":{"Dur\u00e9e de lecture estim\u00e9e":"1 minute"},"schema":{"@context":"https:\/\/schema.org","@graph":[{"@type":"WebPage","@id":"https:\/\/www.valvignes.com\/fr\/evenements-2\/","url":"https:\/\/www.valvignes.com\/fr\/evenements-2\/","name":"Ev\u00e8nements - H\u00f4tel Val-Vignes - Saint-Hippolyte, Alsace","isPartOf":{"@id":"https:\/\/www.valvignes.com\/fr\/#website"},"primaryImageOfPage":{"@id":"https:\/\/www.valvignes.com\/fr\/evenements-2\/#primaryimage"},"image":{"@id":"https:\/\/www.valvignes.com\/fr\/evenements-2\/#primaryimage"},"thumbnailUrl":"https:\/\/www.valvignes.com\/wp-content\/uploads\/2025\/01\/fond_evenements.jpg","datePublished":"2025-01-21T12:42:21+00:00","dateModified":"2026-04-12T17:10:45+00:00","description":"Retrouvez ici l'actualit\u00e9 et les \u00e9v\u00e8nements de l'H\u00f4tel Val-Vignes. N'h\u00e9sitez pas \u00e0 revenir r\u00e9guli\u00e8rement !","breadcrumb":{"@id":"https:\/\/www.valvignes.com\/fr\/evenements-2\/#breadcrumb"},"inLanguage":"fr-FR","potentialAction":[{"@type":"ReadAction","target":["https:\/\/www.valvignes.com\/fr\/evenements-2\/"]}]},{"@type":"ImageObject","inLanguage":"fr-FR","@id":"https:\/\/www.valvignes.com\/fr\/evenements-2\/#primaryimage","url":"https:\/\/www.valvignes.com\/wp-content\/uploads\/2025\/01\/fond_evenements.jpg","contentUrl":"https:\/\/www.valvignes.com\/wp-content\/uploads\/2025\/01\/fond_evenements.jpg","width":1600,"height":911},{"@type":"BreadcrumbList","@id":"https:\/\/www.valvignes.com\/fr\/evenements-2\/#breadcrumb","itemListElement":[{"@type":"ListItem","position":1,"name":"Accueil","item":"https:\/\/www.valvignes.com\/fr\/"},{"@type":"ListItem","position":2,"name":"\u00c9v\u00e8nements"}]},{"@type":"WebSite","@id":"https:\/\/www.valvignes.com\/fr\/#website","url":"https:\/\/www.valvignes.com\/fr\/","name":"H\u00f4tel Val-Vignes","description":"Membre de QUALYS-HOTEL","potentialAction":[{"@type":"SearchAction","target":{"@type":"EntryPoint","urlTemplate":"https:\/\/www.valvignes.com\/fr\/?s={search_term_string}"},"query-input":{"@type":"PropertyValueSpecification","valueRequired":true,"valueName":"search_term_string"}}],"inLanguage":"fr-FR"}]}},"_links":{"self":[{"href":"https:\/\/www.valvignes.com\/fr\/wp-json\/wp\/v2\/pages\/25249","targetHints":{"allow":["GET"]}}],"collection":[{"href":"https:\/\/www.valvignes.com\/fr\/wp-json\/wp\/v2\/pages"}],"about":[{"href":"https:\/\/www.valvignes.com\/fr\/wp-json\/wp\/v2\/types\/page"}],"author":[{"embeddable":true,"href":"https:\/\/www.valvignes.com\/fr\/wp-json\/wp\/v2\/users\/2"}],"replies":[{"embeddable":true,"href":"https:\/\/www.valvignes.com\/fr\/wp-json\/wp\/v2\/comments?post=25249"}],"version-history":[{"count":60,"href":"https:\/\/www.valvignes.com\/fr\/wp-json\/wp\/v2\/pages\/25249\/revisions"}],"predecessor-version":[{"id":31770,"href":"https:\/\/www.valvignes.com\/fr\/wp-json\/wp\/v2\/pages\/25249\/revisions\/31770"}],"wp:featuredmedia":[{"embeddable":true,"href":"https:\/\/www.valvignes.com\/fr\/wp-json\/wp\/v2\/media\/25281"}],"wp:attachment":[{"href":"https:\/\/www.valvignes.com\/fr\/wp-json\/wp\/v2\/media?parent=25249"}],"curies":[{"name":"wp","href":"https:\/\/api.w.org\/{rel}","templated":true}]}}