{"id":12729,"date":"2021-06-29T11:01:37","date_gmt":"2021-06-29T09:01:37","guid":{"rendered":"https:\/\/www.valvignes.com\/?page_id=12729"},"modified":"2026-01-19T15:23:50","modified_gmt":"2026-01-19T14:23:50","slug":"experiences","status":"publish","type":"page","link":"https:\/\/www.valvignes.com\/fr\/experiences\/","title":{"rendered":"Exp\u00e9riences"},"content":{"rendered":"","protected":false},"excerpt":{"rendered":"","protected":false},"author":2,"featured_media":17694,"parent":0,"menu_order":0,"comment_status":"closed","ping_status":"closed","template":"page-flexible.php","meta":{"_acf_changed":false,"footnotes":""},"class_list":["post-12729","page","type-page","status-publish","has-post-thumbnail","hentry"],"acf":[],"yoast_head":"<!-- This site is optimized with the Yoast SEO plugin v26.6 - https:\/\/yoast.com\/wordpress\/plugins\/seo\/ -->\n<title>Exp\u00e9riences - H\u00f4tel Val-Vignes - Saint-Hippolyte, Alsace<\/title>\n<meta name=\"description\" content=\"Vivez une exp\u00e9rience in\u00e9dite \u00e0 Val-Vignes**** gr\u00e2ce \u00e0 nos diverses exp\u00e9riences : S\u00e9jour D\u00e9couverte, S\u00e9jour D\u00e9tente, S\u00e9jour Sportif...\" \/>\n<meta name=\"robots\" content=\"index, follow, max-snippet:-1, max-image-preview:large, max-video-preview:-1\" \/>\n<link rel=\"canonical\" href=\"https:\/\/www.valvignes.com\/fr\/experiences\/\" \/>\n<meta property=\"og:locale\" content=\"fr_FR\" \/>\n<meta property=\"og:type\" content=\"article\" \/>\n<meta property=\"og:title\" content=\"Exp\u00e9riences - H\u00f4tel Val-Vignes - Saint-Hippolyte, Alsace\" \/>\n<meta property=\"og:description\" content=\"Vivez une exp\u00e9rience in\u00e9dite \u00e0 Val-Vignes**** gr\u00e2ce \u00e0 nos diverses exp\u00e9riences : S\u00e9jour D\u00e9couverte, S\u00e9jour D\u00e9tente, S\u00e9jour Sportif...\" \/>\n<meta property=\"og:url\" content=\"https:\/\/www.valvignes.com\/fr\/experiences\/\" \/>\n<meta property=\"og:site_name\" content=\"H\u00f4tel Val-Vignes\" \/>\n<meta property=\"article:modified_time\" content=\"2026-01-19T14:23:50+00:00\" \/>\n<meta property=\"og:image\" content=\"https:\/\/www.valvignes.com\/wp-content\/uploads\/2023\/05\/hotel-val-vignes-hd-03-05-2023-106.jpg\" \/>\n\t<meta property=\"og:image:width\" content=\"1600\" \/>\n\t<meta property=\"og:image:height\" content=\"1054\" \/>\n\t<meta property=\"og:image:type\" content=\"image\/jpeg\" \/>\n<meta name=\"twitter:card\" content=\"summary_large_image\" \/>\n<meta name=\"twitter:label1\" content=\"Dur\u00e9e de lecture estim\u00e9e\" \/>\n\t<meta name=\"twitter:data1\" content=\"1 minute\" \/>\n<script type=\"application\/ld+json\" class=\"yoast-schema-graph\">{\"@context\":\"https:\/\/schema.org\",\"@graph\":[{\"@type\":\"WebPage\",\"@id\":\"https:\/\/www.valvignes.com\/fr\/experiences\/\",\"url\":\"https:\/\/www.valvignes.com\/fr\/experiences\/\",\"name\":\"Exp\u00e9riences - H\u00f4tel Val-Vignes - Saint-Hippolyte, Alsace\",\"isPartOf\":{\"@id\":\"https:\/\/www.valvignes.com\/fr\/#website\"},\"primaryImageOfPage\":{\"@id\":\"https:\/\/www.valvignes.com\/fr\/experiences\/#primaryimage\"},\"image\":{\"@id\":\"https:\/\/www.valvignes.com\/fr\/experiences\/#primaryimage\"},\"thumbnailUrl\":\"https:\/\/www.valvignes.com\/wp-content\/uploads\/2023\/05\/hotel-val-vignes-hd-03-05-2023-106.jpg\",\"datePublished\":\"2021-06-29T09:01:37+00:00\",\"dateModified\":\"2026-01-19T14:23:50+00:00\",\"description\":\"Vivez une exp\u00e9rience in\u00e9dite \u00e0 Val-Vignes**** gr\u00e2ce \u00e0 nos diverses exp\u00e9riences : S\u00e9jour D\u00e9couverte, S\u00e9jour D\u00e9tente, S\u00e9jour Sportif...\",\"breadcrumb\":{\"@id\":\"https:\/\/www.valvignes.com\/fr\/experiences\/#breadcrumb\"},\"inLanguage\":\"fr-FR\",\"potentialAction\":[{\"@type\":\"ReadAction\",\"target\":[\"https:\/\/www.valvignes.com\/fr\/experiences\/\"]}]},{\"@type\":\"ImageObject\",\"inLanguage\":\"fr-FR\",\"@id\":\"https:\/\/www.valvignes.com\/fr\/experiences\/#primaryimage\",\"url\":\"https:\/\/www.valvignes.com\/wp-content\/uploads\/2023\/05\/hotel-val-vignes-hd-03-05-2023-106.jpg\",\"contentUrl\":\"https:\/\/www.valvignes.com\/wp-content\/uploads\/2023\/05\/hotel-val-vignes-hd-03-05-2023-106.jpg\",\"width\":1600,\"height\":1054},{\"@type\":\"BreadcrumbList\",\"@id\":\"https:\/\/www.valvignes.com\/fr\/experiences\/#breadcrumb\",\"itemListElement\":[{\"@type\":\"ListItem\",\"position\":1,\"name\":\"Accueil\",\"item\":\"https:\/\/www.valvignes.com\/fr\/\"},{\"@type\":\"ListItem\",\"position\":2,\"name\":\"Exp\u00e9riences\"}]},{\"@type\":\"WebSite\",\"@id\":\"https:\/\/www.valvignes.com\/fr\/#website\",\"url\":\"https:\/\/www.valvignes.com\/fr\/\",\"name\":\"H\u00f4tel Val-Vignes\",\"description\":\"Membre de QUALYS-HOTEL\",\"potentialAction\":[{\"@type\":\"SearchAction\",\"target\":{\"@type\":\"EntryPoint\",\"urlTemplate\":\"https:\/\/www.valvignes.com\/fr\/?s={search_term_string}\"},\"query-input\":{\"@type\":\"PropertyValueSpecification\",\"valueRequired\":true,\"valueName\":\"search_term_string\"}}],\"inLanguage\":\"fr-FR\"}]}<\/script>\n<!-- \/ Yoast SEO plugin. -->","yoast_head_json":{"title":"Exp\u00e9riences - H\u00f4tel Val-Vignes - Saint-Hippolyte, Alsace","description":"Vivez une exp\u00e9rience in\u00e9dite \u00e0 Val-Vignes**** gr\u00e2ce \u00e0 nos diverses exp\u00e9riences : S\u00e9jour D\u00e9couverte, S\u00e9jour D\u00e9tente, S\u00e9jour Sportif...","robots":{"index":"index","follow":"follow","max-snippet":"max-snippet:-1","max-image-preview":"max-image-preview:large","max-video-preview":"max-video-preview:-1"},"canonical":"https:\/\/www.valvignes.com\/fr\/experiences\/","og_locale":"fr_FR","og_type":"article","og_title":"Exp\u00e9riences - H\u00f4tel Val-Vignes - Saint-Hippolyte, Alsace","og_description":"Vivez une exp\u00e9rience in\u00e9dite \u00e0 Val-Vignes**** gr\u00e2ce \u00e0 nos diverses exp\u00e9riences : S\u00e9jour D\u00e9couverte, S\u00e9jour D\u00e9tente, S\u00e9jour Sportif...","og_url":"https:\/\/www.valvignes.com\/fr\/experiences\/","og_site_name":"H\u00f4tel Val-Vignes","article_modified_time":"2026-01-19T14:23:50+00:00","og_image":[{"width":1600,"height":1054,"url":"https:\/\/www.valvignes.com\/wp-content\/uploads\/2023\/05\/hotel-val-vignes-hd-03-05-2023-106.jpg","type":"image\/jpeg"}],"twitter_card":"summary_large_image","twitter_misc":{"Dur\u00e9e de lecture estim\u00e9e":"1 minute"},"schema":{"@context":"https:\/\/schema.org","@graph":[{"@type":"WebPage","@id":"https:\/\/www.valvignes.com\/fr\/experiences\/","url":"https:\/\/www.valvignes.com\/fr\/experiences\/","name":"Exp\u00e9riences - H\u00f4tel Val-Vignes - Saint-Hippolyte, Alsace","isPartOf":{"@id":"https:\/\/www.valvignes.com\/fr\/#website"},"primaryImageOfPage":{"@id":"https:\/\/www.valvignes.com\/fr\/experiences\/#primaryimage"},"image":{"@id":"https:\/\/www.valvignes.com\/fr\/experiences\/#primaryimage"},"thumbnailUrl":"https:\/\/www.valvignes.com\/wp-content\/uploads\/2023\/05\/hotel-val-vignes-hd-03-05-2023-106.jpg","datePublished":"2021-06-29T09:01:37+00:00","dateModified":"2026-01-19T14:23:50+00:00","description":"Vivez une exp\u00e9rience in\u00e9dite \u00e0 Val-Vignes**** gr\u00e2ce \u00e0 nos diverses exp\u00e9riences : S\u00e9jour D\u00e9couverte, S\u00e9jour D\u00e9tente, S\u00e9jour Sportif...","breadcrumb":{"@id":"https:\/\/www.valvignes.com\/fr\/experiences\/#breadcrumb"},"inLanguage":"fr-FR","potentialAction":[{"@type":"ReadAction","target":["https:\/\/www.valvignes.com\/fr\/experiences\/"]}]},{"@type":"ImageObject","inLanguage":"fr-FR","@id":"https:\/\/www.valvignes.com\/fr\/experiences\/#primaryimage","url":"https:\/\/www.valvignes.com\/wp-content\/uploads\/2023\/05\/hotel-val-vignes-hd-03-05-2023-106.jpg","contentUrl":"https:\/\/www.valvignes.com\/wp-content\/uploads\/2023\/05\/hotel-val-vignes-hd-03-05-2023-106.jpg","width":1600,"height":1054},{"@type":"BreadcrumbList","@id":"https:\/\/www.valvignes.com\/fr\/experiences\/#breadcrumb","itemListElement":[{"@type":"ListItem","position":1,"name":"Accueil","item":"https:\/\/www.valvignes.com\/fr\/"},{"@type":"ListItem","position":2,"name":"Exp\u00e9riences"}]},{"@type":"WebSite","@id":"https:\/\/www.valvignes.com\/fr\/#website","url":"https:\/\/www.valvignes.com\/fr\/","name":"H\u00f4tel Val-Vignes","description":"Membre de QUALYS-HOTEL","potentialAction":[{"@type":"SearchAction","target":{"@type":"EntryPoint","urlTemplate":"https:\/\/www.valvignes.com\/fr\/?s={search_term_string}"},"query-input":{"@type":"PropertyValueSpecification","valueRequired":true,"valueName":"search_term_string"}}],"inLanguage":"fr-FR"}]}},"_links":{"self":[{"href":"https:\/\/www.valvignes.com\/fr\/wp-json\/wp\/v2\/pages\/12729","targetHints":{"allow":["GET"]}}],"collection":[{"href":"https:\/\/www.valvignes.com\/fr\/wp-json\/wp\/v2\/pages"}],"about":[{"href":"https:\/\/www.valvignes.com\/fr\/wp-json\/wp\/v2\/types\/page"}],"author":[{"embeddable":true,"href":"https:\/\/www.valvignes.com\/fr\/wp-json\/wp\/v2\/users\/2"}],"replies":[{"embeddable":true,"href":"https:\/\/www.valvignes.com\/fr\/wp-json\/wp\/v2\/comments?post=12729"}],"version-history":[{"count":35,"href":"https:\/\/www.valvignes.com\/fr\/wp-json\/wp\/v2\/pages\/12729\/revisions"}],"predecessor-version":[{"id":31058,"href":"https:\/\/www.valvignes.com\/fr\/wp-json\/wp\/v2\/pages\/12729\/revisions\/31058"}],"wp:featuredmedia":[{"embeddable":true,"href":"https:\/\/www.valvignes.com\/fr\/wp-json\/wp\/v2\/media\/17694"}],"wp:attachment":[{"href":"https:\/\/www.valvignes.com\/fr\/wp-json\/wp\/v2\/media?parent=12729"}],"curies":[{"name":"wp","href":"https:\/\/api.w.org\/{rel}","templated":true}]}}