{"id":12415,"date":"2021-04-30T16:32:10","date_gmt":"2021-04-30T14:32:10","guid":{"rendered":"https:\/\/www.valvignes.com\/?page_id=12415"},"modified":"2021-05-03T10:16:28","modified_gmt":"2021-05-03T08:16:28","slug":"accueil-video","status":"publish","type":"page","link":"https:\/\/www.valvignes.com\/fr\/accueil-video\/","title":{"rendered":"Accueil -video"},"content":{"rendered":"\n","protected":false},"excerpt":{"rendered":"","protected":false},"author":1,"featured_media":0,"parent":0,"menu_order":0,"comment_status":"closed","ping_status":"closed","template":"","meta":{"_acf_changed":false,"footnotes":""},"class_list":["post-12415","page","type-page","status-publish","hentry"],"acf":[],"yoast_head":"<!-- This site is optimized with the Yoast SEO plugin v26.6 - https:\/\/yoast.com\/wordpress\/plugins\/seo\/ -->\n<title>H\u00f4tel Val-Vignes - H\u00f4tel \u00e0 Saint-Hippolyte en Alsace pr\u00e8s de Colmar<\/title>\n<meta name=\"description\" content=\"H\u00f4tel \u00e0 Saint-Hippolyte sur la Route des Vins d&#039;Alsace, au pied du Ch\u00e2teau du Haut-K\u0153nigsbourg et pr\u00e8s de S\u00e9lestat et Colmar.\" \/>\n<meta name=\"robots\" content=\"index, follow, max-snippet:-1, max-image-preview:large, max-video-preview:-1\" \/>\n<link rel=\"canonical\" href=\"https:\/\/www.valvignes.com\/fr\/accueil-video\/\" \/>\n<meta property=\"og:locale\" content=\"fr_FR\" \/>\n<meta property=\"og:type\" content=\"article\" \/>\n<meta property=\"og:title\" content=\"H\u00f4tel Val-Vignes - H\u00f4tel \u00e0 Saint-Hippolyte en Alsace pr\u00e8s de Colmar\" \/>\n<meta property=\"og:description\" content=\"H\u00f4tel \u00e0 Saint-Hippolyte sur la Route des Vins d&#039;Alsace, au pied du Ch\u00e2teau du Haut-K\u0153nigsbourg et pr\u00e8s de S\u00e9lestat et Colmar.\" \/>\n<meta property=\"og:url\" content=\"https:\/\/www.valvignes.com\/fr\/accueil-video\/\" \/>\n<meta property=\"og:site_name\" content=\"H\u00f4tel Val-Vignes\" \/>\n<meta property=\"article:modified_time\" content=\"2021-05-03T08:16:28+00:00\" \/>\n<meta name=\"twitter:card\" content=\"summary_large_image\" \/>\n<script type=\"application\/ld+json\" class=\"yoast-schema-graph\">{\"@context\":\"https:\/\/schema.org\",\"@graph\":[{\"@type\":\"WebPage\",\"@id\":\"https:\/\/www.valvignes.com\/fr\/accueil-video\/\",\"url\":\"https:\/\/www.valvignes.com\/fr\/accueil-video\/\",\"name\":\"H\u00f4tel Val-Vignes - H\u00f4tel \u00e0 Saint-Hippolyte en Alsace pr\u00e8s de Colmar\",\"isPartOf\":{\"@id\":\"https:\/\/www.valvignes.com\/fr\/#website\"},\"datePublished\":\"2021-04-30T14:32:10+00:00\",\"dateModified\":\"2021-05-03T08:16:28+00:00\",\"description\":\"H\u00f4tel \u00e0 Saint-Hippolyte sur la Route des Vins d'Alsace, au pied du Ch\u00e2teau du Haut-K\u0153nigsbourg et pr\u00e8s de S\u00e9lestat et Colmar.\",\"breadcrumb\":{\"@id\":\"https:\/\/www.valvignes.com\/fr\/accueil-video\/#breadcrumb\"},\"inLanguage\":\"fr-FR\",\"potentialAction\":[{\"@type\":\"ReadAction\",\"target\":[\"https:\/\/www.valvignes.com\/fr\/accueil-video\/\"]}]},{\"@type\":\"BreadcrumbList\",\"@id\":\"https:\/\/www.valvignes.com\/fr\/accueil-video\/#breadcrumb\",\"itemListElement\":[{\"@type\":\"ListItem\",\"position\":1,\"name\":\"Accueil\",\"item\":\"https:\/\/www.valvignes.com\/fr\/\"},{\"@type\":\"ListItem\",\"position\":2,\"name\":\"Accueil -video\"}]},{\"@type\":\"WebSite\",\"@id\":\"https:\/\/www.valvignes.com\/fr\/#website\",\"url\":\"https:\/\/www.valvignes.com\/fr\/\",\"name\":\"H\u00f4tel Val-Vignes\",\"description\":\"Membre de QUALYS-HOTEL\",\"potentialAction\":[{\"@type\":\"SearchAction\",\"target\":{\"@type\":\"EntryPoint\",\"urlTemplate\":\"https:\/\/www.valvignes.com\/fr\/?s={search_term_string}\"},\"query-input\":{\"@type\":\"PropertyValueSpecification\",\"valueRequired\":true,\"valueName\":\"search_term_string\"}}],\"inLanguage\":\"fr-FR\"}]}<\/script>\n<!-- \/ Yoast SEO plugin. -->","yoast_head_json":{"title":"H\u00f4tel Val-Vignes - H\u00f4tel \u00e0 Saint-Hippolyte en Alsace pr\u00e8s de Colmar","description":"H\u00f4tel \u00e0 Saint-Hippolyte sur la Route des Vins d'Alsace, au pied du Ch\u00e2teau du Haut-K\u0153nigsbourg et pr\u00e8s de S\u00e9lestat et Colmar.","robots":{"index":"index","follow":"follow","max-snippet":"max-snippet:-1","max-image-preview":"max-image-preview:large","max-video-preview":"max-video-preview:-1"},"canonical":"https:\/\/www.valvignes.com\/fr\/accueil-video\/","og_locale":"fr_FR","og_type":"article","og_title":"H\u00f4tel Val-Vignes - H\u00f4tel \u00e0 Saint-Hippolyte en Alsace pr\u00e8s de Colmar","og_description":"H\u00f4tel \u00e0 Saint-Hippolyte sur la Route des Vins d'Alsace, au pied du Ch\u00e2teau du Haut-K\u0153nigsbourg et pr\u00e8s de S\u00e9lestat et Colmar.","og_url":"https:\/\/www.valvignes.com\/fr\/accueil-video\/","og_site_name":"H\u00f4tel Val-Vignes","article_modified_time":"2021-05-03T08:16:28+00:00","twitter_card":"summary_large_image","schema":{"@context":"https:\/\/schema.org","@graph":[{"@type":"WebPage","@id":"https:\/\/www.valvignes.com\/fr\/accueil-video\/","url":"https:\/\/www.valvignes.com\/fr\/accueil-video\/","name":"H\u00f4tel Val-Vignes - H\u00f4tel \u00e0 Saint-Hippolyte en Alsace pr\u00e8s de Colmar","isPartOf":{"@id":"https:\/\/www.valvignes.com\/fr\/#website"},"datePublished":"2021-04-30T14:32:10+00:00","dateModified":"2021-05-03T08:16:28+00:00","description":"H\u00f4tel \u00e0 Saint-Hippolyte sur la Route des Vins d'Alsace, au pied du Ch\u00e2teau du Haut-K\u0153nigsbourg et pr\u00e8s de S\u00e9lestat et Colmar.","breadcrumb":{"@id":"https:\/\/www.valvignes.com\/fr\/accueil-video\/#breadcrumb"},"inLanguage":"fr-FR","potentialAction":[{"@type":"ReadAction","target":["https:\/\/www.valvignes.com\/fr\/accueil-video\/"]}]},{"@type":"BreadcrumbList","@id":"https:\/\/www.valvignes.com\/fr\/accueil-video\/#breadcrumb","itemListElement":[{"@type":"ListItem","position":1,"name":"Accueil","item":"https:\/\/www.valvignes.com\/fr\/"},{"@type":"ListItem","position":2,"name":"Accueil -video"}]},{"@type":"WebSite","@id":"https:\/\/www.valvignes.com\/fr\/#website","url":"https:\/\/www.valvignes.com\/fr\/","name":"H\u00f4tel Val-Vignes","description":"Membre de QUALYS-HOTEL","potentialAction":[{"@type":"SearchAction","target":{"@type":"EntryPoint","urlTemplate":"https:\/\/www.valvignes.com\/fr\/?s={search_term_string}"},"query-input":{"@type":"PropertyValueSpecification","valueRequired":true,"valueName":"search_term_string"}}],"inLanguage":"fr-FR"}]}},"_links":{"self":[{"href":"https:\/\/www.valvignes.com\/fr\/wp-json\/wp\/v2\/pages\/12415","targetHints":{"allow":["GET"]}}],"collection":[{"href":"https:\/\/www.valvignes.com\/fr\/wp-json\/wp\/v2\/pages"}],"about":[{"href":"https:\/\/www.valvignes.com\/fr\/wp-json\/wp\/v2\/types\/page"}],"author":[{"embeddable":true,"href":"https:\/\/www.valvignes.com\/fr\/wp-json\/wp\/v2\/users\/1"}],"replies":[{"embeddable":true,"href":"https:\/\/www.valvignes.com\/fr\/wp-json\/wp\/v2\/comments?post=12415"}],"version-history":[{"count":6,"href":"https:\/\/www.valvignes.com\/fr\/wp-json\/wp\/v2\/pages\/12415\/revisions"}],"predecessor-version":[{"id":12443,"href":"https:\/\/www.valvignes.com\/fr\/wp-json\/wp\/v2\/pages\/12415\/revisions\/12443"}],"wp:attachment":[{"href":"https:\/\/www.valvignes.com\/fr\/wp-json\/wp\/v2\/media?parent=12415"}],"curies":[{"name":"wp","href":"https:\/\/api.w.org\/{rel}","templated":true}]}}