{"id":115,"date":"2017-10-30T14:40:25","date_gmt":"2017-10-30T13:40:25","guid":{"rendered":"http:\/\/www.valvignes.com\/?page_id=115\/"},"modified":"2023-06-05T16:45:07","modified_gmt":"2023-06-05T14:45:07","slug":"formulaire-seminaire","status":"publish","type":"page","link":"https:\/\/www.valvignes.com\/fr\/formulaire-seminaire\/","title":{"rendered":"Organiser votre s\u00e9minaire"},"content":{"rendered":"<section class=\"section wow fadeInUp\" data-wow-duration=\"1000ms\" data-wow-delay=\"300ms\">\n<div class=\"container\">\n<div class=\"row backgroundWhite textPadding\">\n<div class=\"col-md-8 col-sm-offset-2\">\n<h1 class=\"center\">Organiser votre s\u00e9minaire<\/h1>\n\n<div class=\"wpcf7 no-js\" id=\"wpcf7-f111-o1\" lang=\"fr-FR\" dir=\"ltr\" data-wpcf7-id=\"111\">\n<div class=\"screen-reader-response\"><p role=\"status\" aria-live=\"polite\" aria-atomic=\"true\"><\/p> <ul><\/ul><\/div>\n<form action=\"\/fr\/wp-json\/wp\/v2\/pages\/115#wpcf7-f111-o1\" method=\"post\" class=\"wpcf7-form init\" aria-label=\"Formulaire de contact\" novalidate=\"novalidate\" data-status=\"init\">\n<fieldset class=\"hidden-fields-container\"><input type=\"hidden\" name=\"_wpcf7\" value=\"111\" \/><input type=\"hidden\" name=\"_wpcf7_version\" value=\"6.1.4\" \/><input type=\"hidden\" name=\"_wpcf7_locale\" value=\"fr_FR\" \/><input type=\"hidden\" name=\"_wpcf7_unit_tag\" value=\"wpcf7-f111-o1\" \/><input type=\"hidden\" name=\"_wpcf7_container_post\" value=\"0\" \/><input type=\"hidden\" name=\"_wpcf7_posted_data_hash\" value=\"\" \/><input type=\"hidden\" name=\"_wpcf7dtx_version\" value=\"5.0.4\" \/><input type=\"hidden\" name=\"_wpcf7_recaptcha_response\" value=\"\" \/>\n<\/fieldset>\n<div class=\"wpcf7-response-output\" aria-hidden=\"true\"><\/div>\n<p><label> Nom \/ Soci\u00e9t\u00e9s (obligatoire)<br \/>\n<span class=\"wpcf7-form-control-wrap\" data-name=\"your-name\"><input size=\"40\" maxlength=\"400\" class=\"wpcf7-form-control wpcf7-text wpcf7-validates-as-required\" aria-required=\"true\" aria-invalid=\"false\" value=\"\" type=\"text\" name=\"your-name\" \/><\/span> <\/label>\n<\/p>\n<p><label> T\u00e9l\u00e9phone (obligatoire)<br \/>\n<span class=\"wpcf7-form-control-wrap\" data-name=\"your-tel\"><input size=\"40\" maxlength=\"400\" class=\"wpcf7-form-control wpcf7-tel wpcf7-validates-as-required wpcf7-text wpcf7-validates-as-tel\" aria-required=\"true\" aria-invalid=\"false\" value=\"\" type=\"tel\" name=\"your-tel\" \/><\/span> <\/label>\n<\/p>\n<p><label> Votre e-mail (obligatoire)<br \/>\n<span class=\"wpcf7-form-control-wrap\" data-name=\"your-email\"><input size=\"40\" maxlength=\"400\" class=\"wpcf7-form-control wpcf7-email wpcf7-validates-as-required wpcf7-text wpcf7-validates-as-email\" aria-required=\"true\" aria-invalid=\"false\" value=\"\" type=\"email\" name=\"your-email\" \/><\/span> <\/label>\n<\/p>\n<p><label> Date de l'\u00e9v\u00e9nement<br \/>\n<span class=\"wpcf7-form-control-wrap\" data-name=\"your-date\"><input class=\"wpcf7-form-control wpcf7-date wpcf7-validates-as-required wpcf7-validates-as-date\" aria-required=\"true\" aria-invalid=\"false\" value=\"\" type=\"date\" name=\"your-date\" \/><\/span><\/label>\n<\/p>\n<p><label> Nombre de participants<br \/>\n<span class=\"wpcf7-form-control-wrap\" data-name=\"your-participant\"><input class=\"wpcf7-form-control wpcf7-number wpcf7-validates-as-required wpcf7-validates-as-number\" aria-required=\"true\" aria-invalid=\"false\" value=\"\" type=\"number\" name=\"your-participant\" \/><\/span> <\/label>\n<\/p>\n<p><label class=\"label_radio\"> Formules<\/label><br \/>\n<span class=\"wpcf7-form-control-wrap\" data-name=\"your-formule\"><span class=\"wpcf7-form-control wpcf7-radio\" id=\"1\"><span class=\"wpcf7-list-item first\"><input type=\"radio\" name=\"your-formule\" value=\"1:Journ\u00e9e de travail - &lt;em&gt;\u00e0 partir de 80 \u20ac TTC par personne&lt;\/em&gt;\" \/><span class=\"wpcf7-list-item-label\">1:Journ\u00e9e de travail - &lt;em&gt;\u00e0 partir de 80 \u20ac TTC par personne&lt;\/em&gt;<\/span><\/span><span class=\"wpcf7-list-item\"><input type=\"radio\" name=\"your-formule\" value=\"2:S\u00e9minaire semi-r\u00e9sidentiel - &lt;em&gt;\u00e0 partir de 215 \u20ac TTC par personne&lt;\/em&gt;\" \/><span class=\"wpcf7-list-item-label\">2:S\u00e9minaire semi-r\u00e9sidentiel - &lt;em&gt;\u00e0 partir de 215 \u20ac TTC par personne&lt;\/em&gt;<\/span><\/span><span class=\"wpcf7-list-item\"><input type=\"radio\" name=\"your-formule\" value=\"3:S\u00e9minaire r\u00e9sidentiel - &lt;em&gt;\u00e0 partir de 269 \u20ac TTC par personne&lt;\/em&gt;\" \/><span class=\"wpcf7-list-item-label\">3:S\u00e9minaire r\u00e9sidentiel - &lt;em&gt;\u00e0 partir de 269 \u20ac TTC par personne&lt;\/em&gt;<\/span><\/span><span class=\"wpcf7-list-item last\"><input type=\"radio\" name=\"your-formule\" value=\"4:S\u00e9minaire sur mesure - &lt;em&gt;Devis personnalis\u00e9&lt;\/em&gt;\" \/><span class=\"wpcf7-list-item-label\">4:S\u00e9minaire sur mesure - &lt;em&gt;Devis personnalis\u00e9&lt;\/em&gt;<\/span><\/span><\/span><\/span>\n<\/p>\n<span class=\"wpcf7-form-control-wrap hidden_formule\" data-name=\"hidden_formule\"><input type=\"hidden\" name=\"hidden_formule\" class=\"wpcf7-form-control wpcf7-hidden wpcf7dtx wpcf7dtx-hidden\" aria-invalid=\"false\"><\/span>\n<p><label> Votre message<br \/>\n<span class=\"wpcf7-form-control-wrap\" data-name=\"your-message\"><textarea cols=\"40\" rows=\"10\" maxlength=\"2000\" class=\"wpcf7-form-control wpcf7-textarea\" aria-invalid=\"false\" name=\"your-message\"><\/textarea><\/span> <\/label>\n<\/p>\n<p><input class=\"wpcf7-form-control wpcf7-submit has-spinner btn btn-default\" type=\"submit\" value=\"Envoyer\" \/>\n<\/p>\n<\/form>\n<\/div>\n\n<\/div>\n<\/div>\n<\/div>\n<\/section>\n<div class=\"espaceEnd\"><\/div>\n","protected":false},"excerpt":{"rendered":"<p>Organiser votre s\u00e9minaire<\/p>\n","protected":false},"author":1,"featured_media":16748,"parent":0,"menu_order":0,"comment_status":"closed","ping_status":"closed","template":"","meta":{"_acf_changed":false,"footnotes":""},"class_list":["post-115","page","type-page","status-publish","has-post-thumbnail","hentry"],"acf":[],"yoast_head":"<!-- This site is optimized with the Yoast SEO plugin v26.6 - https:\/\/yoast.com\/wordpress\/plugins\/seo\/ -->\n<title>Organiser votre s\u00e9minaire - H\u00f4tel Val-Vignes - Saint-Hippolyte, Alsace<\/title>\n<meta name=\"description\" content=\"Pour l\u2019organisation de vos s\u00e9minaires et conf\u00e9rences, l\u2019h\u00f4tel propose 400 m\u00b2 de salles modulables, climatis\u00e9es b\u00e9n\u00e9ficient toutes d\u2019un \u00e9quipement moderne.\" \/>\n<meta name=\"robots\" content=\"index, follow, max-snippet:-1, max-image-preview:large, max-video-preview:-1\" \/>\n<link rel=\"canonical\" href=\"https:\/\/www.valvignes.com\/fr\/formulaire-seminaire\/\" \/>\n<meta property=\"og:locale\" content=\"fr_FR\" \/>\n<meta property=\"og:type\" content=\"article\" \/>\n<meta property=\"og:title\" content=\"Organiser votre s\u00e9minaire - H\u00f4tel Val-Vignes - Saint-Hippolyte, Alsace\" \/>\n<meta property=\"og:description\" content=\"Pour l\u2019organisation de vos s\u00e9minaires et conf\u00e9rences, l\u2019h\u00f4tel propose 400 m\u00b2 de salles modulables, climatis\u00e9es b\u00e9n\u00e9ficient toutes d\u2019un \u00e9quipement moderne.\" \/>\n<meta property=\"og:url\" content=\"https:\/\/www.valvignes.com\/fr\/formulaire-seminaire\/\" \/>\n<meta property=\"og:site_name\" content=\"H\u00f4tel Val-Vignes\" \/>\n<meta property=\"article:modified_time\" content=\"2023-06-05T14:45:07+00:00\" \/>\n<meta property=\"og:image\" content=\"https:\/\/www.valvignes.com\/wp-content\/uploads\/2023\/05\/Salles-de-reunion-2.jpg\" \/>\n\t<meta property=\"og:image:width\" content=\"2000\" \/>\n\t<meta property=\"og:image:height\" content=\"1334\" \/>\n\t<meta property=\"og:image:type\" content=\"image\/jpeg\" \/>\n<meta name=\"twitter:card\" content=\"summary_large_image\" \/>\n<meta name=\"twitter:label1\" content=\"Dur\u00e9e de lecture estim\u00e9e\" \/>\n\t<meta name=\"twitter:data1\" content=\"1 minute\" \/>\n<script type=\"application\/ld+json\" class=\"yoast-schema-graph\">{\"@context\":\"https:\/\/schema.org\",\"@graph\":[{\"@type\":\"WebPage\",\"@id\":\"https:\/\/www.valvignes.com\/fr\/formulaire-seminaire\/\",\"url\":\"https:\/\/www.valvignes.com\/fr\/formulaire-seminaire\/\",\"name\":\"Organiser votre s\u00e9minaire - H\u00f4tel Val-Vignes - Saint-Hippolyte, Alsace\",\"isPartOf\":{\"@id\":\"https:\/\/www.valvignes.com\/fr\/#website\"},\"primaryImageOfPage\":{\"@id\":\"https:\/\/www.valvignes.com\/fr\/formulaire-seminaire\/#primaryimage\"},\"image\":{\"@id\":\"https:\/\/www.valvignes.com\/fr\/formulaire-seminaire\/#primaryimage\"},\"thumbnailUrl\":\"https:\/\/www.valvignes.com\/wp-content\/uploads\/2023\/05\/Salles-de-reunion-2.jpg\",\"datePublished\":\"2017-10-30T13:40:25+00:00\",\"dateModified\":\"2023-06-05T14:45:07+00:00\",\"description\":\"Pour l\u2019organisation de vos s\u00e9minaires et conf\u00e9rences, l\u2019h\u00f4tel propose 400 m\u00b2 de salles modulables, climatis\u00e9es b\u00e9n\u00e9ficient toutes d\u2019un \u00e9quipement moderne.\",\"breadcrumb\":{\"@id\":\"https:\/\/www.valvignes.com\/fr\/formulaire-seminaire\/#breadcrumb\"},\"inLanguage\":\"fr-FR\",\"potentialAction\":[{\"@type\":\"ReadAction\",\"target\":[\"https:\/\/www.valvignes.com\/fr\/formulaire-seminaire\/\"]}]},{\"@type\":\"ImageObject\",\"inLanguage\":\"fr-FR\",\"@id\":\"https:\/\/www.valvignes.com\/fr\/formulaire-seminaire\/#primaryimage\",\"url\":\"https:\/\/www.valvignes.com\/wp-content\/uploads\/2023\/05\/Salles-de-reunion-2.jpg\",\"contentUrl\":\"https:\/\/www.valvignes.com\/wp-content\/uploads\/2023\/05\/Salles-de-reunion-2.jpg\",\"width\":2000,\"height\":1334},{\"@type\":\"BreadcrumbList\",\"@id\":\"https:\/\/www.valvignes.com\/fr\/formulaire-seminaire\/#breadcrumb\",\"itemListElement\":[{\"@type\":\"ListItem\",\"position\":1,\"name\":\"Accueil\",\"item\":\"https:\/\/www.valvignes.com\/fr\/\"},{\"@type\":\"ListItem\",\"position\":2,\"name\":\"Organiser votre s\u00e9minaire\"}]},{\"@type\":\"WebSite\",\"@id\":\"https:\/\/www.valvignes.com\/fr\/#website\",\"url\":\"https:\/\/www.valvignes.com\/fr\/\",\"name\":\"H\u00f4tel Val-Vignes\",\"description\":\"Membre de QUALYS-HOTEL\",\"potentialAction\":[{\"@type\":\"SearchAction\",\"target\":{\"@type\":\"EntryPoint\",\"urlTemplate\":\"https:\/\/www.valvignes.com\/fr\/?s={search_term_string}\"},\"query-input\":{\"@type\":\"PropertyValueSpecification\",\"valueRequired\":true,\"valueName\":\"search_term_string\"}}],\"inLanguage\":\"fr-FR\"}]}<\/script>\n<!-- \/ Yoast SEO plugin. -->","yoast_head_json":{"title":"Organiser votre s\u00e9minaire - H\u00f4tel Val-Vignes - Saint-Hippolyte, Alsace","description":"Pour l\u2019organisation de vos s\u00e9minaires et conf\u00e9rences, l\u2019h\u00f4tel propose 400 m\u00b2 de salles modulables, climatis\u00e9es b\u00e9n\u00e9ficient toutes d\u2019un \u00e9quipement moderne.","robots":{"index":"index","follow":"follow","max-snippet":"max-snippet:-1","max-image-preview":"max-image-preview:large","max-video-preview":"max-video-preview:-1"},"canonical":"https:\/\/www.valvignes.com\/fr\/formulaire-seminaire\/","og_locale":"fr_FR","og_type":"article","og_title":"Organiser votre s\u00e9minaire - H\u00f4tel Val-Vignes - Saint-Hippolyte, Alsace","og_description":"Pour l\u2019organisation de vos s\u00e9minaires et conf\u00e9rences, l\u2019h\u00f4tel propose 400 m\u00b2 de salles modulables, climatis\u00e9es b\u00e9n\u00e9ficient toutes d\u2019un \u00e9quipement moderne.","og_url":"https:\/\/www.valvignes.com\/fr\/formulaire-seminaire\/","og_site_name":"H\u00f4tel Val-Vignes","article_modified_time":"2023-06-05T14:45:07+00:00","og_image":[{"width":2000,"height":1334,"url":"https:\/\/www.valvignes.com\/wp-content\/uploads\/2023\/05\/Salles-de-reunion-2.jpg","type":"image\/jpeg"}],"twitter_card":"summary_large_image","twitter_misc":{"Dur\u00e9e de lecture estim\u00e9e":"1 minute"},"schema":{"@context":"https:\/\/schema.org","@graph":[{"@type":"WebPage","@id":"https:\/\/www.valvignes.com\/fr\/formulaire-seminaire\/","url":"https:\/\/www.valvignes.com\/fr\/formulaire-seminaire\/","name":"Organiser votre s\u00e9minaire - H\u00f4tel Val-Vignes - Saint-Hippolyte, Alsace","isPartOf":{"@id":"https:\/\/www.valvignes.com\/fr\/#website"},"primaryImageOfPage":{"@id":"https:\/\/www.valvignes.com\/fr\/formulaire-seminaire\/#primaryimage"},"image":{"@id":"https:\/\/www.valvignes.com\/fr\/formulaire-seminaire\/#primaryimage"},"thumbnailUrl":"https:\/\/www.valvignes.com\/wp-content\/uploads\/2023\/05\/Salles-de-reunion-2.jpg","datePublished":"2017-10-30T13:40:25+00:00","dateModified":"2023-06-05T14:45:07+00:00","description":"Pour l\u2019organisation de vos s\u00e9minaires et conf\u00e9rences, l\u2019h\u00f4tel propose 400 m\u00b2 de salles modulables, climatis\u00e9es b\u00e9n\u00e9ficient toutes d\u2019un \u00e9quipement moderne.","breadcrumb":{"@id":"https:\/\/www.valvignes.com\/fr\/formulaire-seminaire\/#breadcrumb"},"inLanguage":"fr-FR","potentialAction":[{"@type":"ReadAction","target":["https:\/\/www.valvignes.com\/fr\/formulaire-seminaire\/"]}]},{"@type":"ImageObject","inLanguage":"fr-FR","@id":"https:\/\/www.valvignes.com\/fr\/formulaire-seminaire\/#primaryimage","url":"https:\/\/www.valvignes.com\/wp-content\/uploads\/2023\/05\/Salles-de-reunion-2.jpg","contentUrl":"https:\/\/www.valvignes.com\/wp-content\/uploads\/2023\/05\/Salles-de-reunion-2.jpg","width":2000,"height":1334},{"@type":"BreadcrumbList","@id":"https:\/\/www.valvignes.com\/fr\/formulaire-seminaire\/#breadcrumb","itemListElement":[{"@type":"ListItem","position":1,"name":"Accueil","item":"https:\/\/www.valvignes.com\/fr\/"},{"@type":"ListItem","position":2,"name":"Organiser votre s\u00e9minaire"}]},{"@type":"WebSite","@id":"https:\/\/www.valvignes.com\/fr\/#website","url":"https:\/\/www.valvignes.com\/fr\/","name":"H\u00f4tel Val-Vignes","description":"Membre de QUALYS-HOTEL","potentialAction":[{"@type":"SearchAction","target":{"@type":"EntryPoint","urlTemplate":"https:\/\/www.valvignes.com\/fr\/?s={search_term_string}"},"query-input":{"@type":"PropertyValueSpecification","valueRequired":true,"valueName":"search_term_string"}}],"inLanguage":"fr-FR"}]}},"_links":{"self":[{"href":"https:\/\/www.valvignes.com\/fr\/wp-json\/wp\/v2\/pages\/115","targetHints":{"allow":["GET"]}}],"collection":[{"href":"https:\/\/www.valvignes.com\/fr\/wp-json\/wp\/v2\/pages"}],"about":[{"href":"https:\/\/www.valvignes.com\/fr\/wp-json\/wp\/v2\/types\/page"}],"author":[{"embeddable":true,"href":"https:\/\/www.valvignes.com\/fr\/wp-json\/wp\/v2\/users\/1"}],"replies":[{"embeddable":true,"href":"https:\/\/www.valvignes.com\/fr\/wp-json\/wp\/v2\/comments?post=115"}],"version-history":[{"count":5,"href":"https:\/\/www.valvignes.com\/fr\/wp-json\/wp\/v2\/pages\/115\/revisions"}],"predecessor-version":[{"id":17842,"href":"https:\/\/www.valvignes.com\/fr\/wp-json\/wp\/v2\/pages\/115\/revisions\/17842"}],"wp:featuredmedia":[{"embeddable":true,"href":"https:\/\/www.valvignes.com\/fr\/wp-json\/wp\/v2\/media\/16748"}],"wp:attachment":[{"href":"https:\/\/www.valvignes.com\/fr\/wp-json\/wp\/v2\/media?parent=115"}],"curies":[{"name":"wp","href":"https:\/\/api.w.org\/{rel}","templated":true}]}}