{"id":1011,"date":"2017-10-30T14:35:03","date_gmt":"2017-10-30T13:35:03","guid":{"rendered":"http:\/\/www.valvignes.com\/?page_id=1011"},"modified":"2024-08-17T10:37:37","modified_gmt":"2024-08-17T08:37:37","slug":"mariages","status":"publish","type":"page","link":"https:\/\/www.valvignes.com\/fr\/mariages\/","title":{"rendered":"Mariages"},"content":{"rendered":"","protected":false},"excerpt":{"rendered":"","protected":false},"author":1,"featured_media":25,"parent":0,"menu_order":0,"comment_status":"closed","ping_status":"closed","template":"page-flexible.php","meta":{"_acf_changed":false,"footnotes":""},"class_list":["post-1011","page","type-page","status-publish","has-post-thumbnail","hentry"],"acf":[],"yoast_head":"<!-- This site is optimized with the Yoast SEO plugin v26.6 - https:\/\/yoast.com\/wordpress\/plugins\/seo\/ -->\n<title>Mariages - H\u00f4tel Val-Vignes - Saint-Hippolyte, Alsace - Route des Vins<\/title>\n<meta name=\"description\" content=\"L\u2019H\u00f4tel Val-Vignes, situ\u00e9 au pied du Ch\u00e2teau du Haut-Koenigsbourg, vous ouvre ses portes pour faire de votre mariage un v\u00e9ritable conte de f\u00e9es !\" \/>\n<meta name=\"robots\" content=\"index, follow, max-snippet:-1, max-image-preview:large, max-video-preview:-1\" \/>\n<link rel=\"canonical\" href=\"https:\/\/www.valvignes.com\/fr\/mariages\/\" \/>\n<meta property=\"og:locale\" content=\"fr_FR\" \/>\n<meta property=\"og:type\" content=\"article\" \/>\n<meta property=\"og:title\" content=\"Mariages - H\u00f4tel Val-Vignes - Saint-Hippolyte, Alsace - Route des Vins\" \/>\n<meta property=\"og:description\" content=\"L\u2019H\u00f4tel Val-Vignes, situ\u00e9 au pied du Ch\u00e2teau du Haut-Koenigsbourg, vous ouvre ses portes pour faire de votre mariage un v\u00e9ritable conte de f\u00e9es !\" \/>\n<meta property=\"og:url\" content=\"https:\/\/www.valvignes.com\/fr\/mariages\/\" \/>\n<meta property=\"og:site_name\" content=\"H\u00f4tel Val-Vignes\" \/>\n<meta property=\"article:modified_time\" content=\"2024-08-17T08:37:37+00:00\" \/>\n<meta property=\"og:image\" content=\"https:\/\/www.valvignes.com\/wp-content\/uploads\/2017\/08\/img_mariages01.jpg\" \/>\n\t<meta property=\"og:image:width\" content=\"1800\" \/>\n\t<meta property=\"og:image:height\" content=\"1201\" \/>\n\t<meta property=\"og:image:type\" content=\"image\/jpeg\" \/>\n<meta name=\"twitter:card\" content=\"summary_large_image\" \/>\n<script type=\"application\/ld+json\" class=\"yoast-schema-graph\">{\"@context\":\"https:\/\/schema.org\",\"@graph\":[{\"@type\":\"WebPage\",\"@id\":\"https:\/\/www.valvignes.com\/fr\/mariages\/\",\"url\":\"https:\/\/www.valvignes.com\/fr\/mariages\/\",\"name\":\"Mariages - H\u00f4tel Val-Vignes - Saint-Hippolyte, Alsace - Route des Vins\",\"isPartOf\":{\"@id\":\"https:\/\/www.valvignes.com\/fr\/#website\"},\"primaryImageOfPage\":{\"@id\":\"https:\/\/www.valvignes.com\/fr\/mariages\/#primaryimage\"},\"image\":{\"@id\":\"https:\/\/www.valvignes.com\/fr\/mariages\/#primaryimage\"},\"thumbnailUrl\":\"https:\/\/www.valvignes.com\/wp-content\/uploads\/2017\/08\/img_mariages01.jpg\",\"datePublished\":\"2017-10-30T13:35:03+00:00\",\"dateModified\":\"2024-08-17T08:37:37+00:00\",\"description\":\"L\u2019H\u00f4tel Val-Vignes, situ\u00e9 au pied du Ch\u00e2teau du Haut-Koenigsbourg, vous ouvre ses portes pour faire de votre mariage un v\u00e9ritable conte de f\u00e9es !\",\"breadcrumb\":{\"@id\":\"https:\/\/www.valvignes.com\/fr\/mariages\/#breadcrumb\"},\"inLanguage\":\"fr-FR\",\"potentialAction\":[{\"@type\":\"ReadAction\",\"target\":[\"https:\/\/www.valvignes.com\/fr\/mariages\/\"]}]},{\"@type\":\"ImageObject\",\"inLanguage\":\"fr-FR\",\"@id\":\"https:\/\/www.valvignes.com\/fr\/mariages\/#primaryimage\",\"url\":\"https:\/\/www.valvignes.com\/wp-content\/uploads\/2017\/08\/img_mariages01.jpg\",\"contentUrl\":\"https:\/\/www.valvignes.com\/wp-content\/uploads\/2017\/08\/img_mariages01.jpg\",\"width\":1800,\"height\":1201},{\"@type\":\"BreadcrumbList\",\"@id\":\"https:\/\/www.valvignes.com\/fr\/mariages\/#breadcrumb\",\"itemListElement\":[{\"@type\":\"ListItem\",\"position\":1,\"name\":\"Accueil\",\"item\":\"https:\/\/www.valvignes.com\/fr\/\"},{\"@type\":\"ListItem\",\"position\":2,\"name\":\"Mariages\"}]},{\"@type\":\"WebSite\",\"@id\":\"https:\/\/www.valvignes.com\/fr\/#website\",\"url\":\"https:\/\/www.valvignes.com\/fr\/\",\"name\":\"H\u00f4tel Val-Vignes\",\"description\":\"Membre de QUALYS-HOTEL\",\"potentialAction\":[{\"@type\":\"SearchAction\",\"target\":{\"@type\":\"EntryPoint\",\"urlTemplate\":\"https:\/\/www.valvignes.com\/fr\/?s={search_term_string}\"},\"query-input\":{\"@type\":\"PropertyValueSpecification\",\"valueRequired\":true,\"valueName\":\"search_term_string\"}}],\"inLanguage\":\"fr-FR\"}]}<\/script>\n<!-- \/ Yoast SEO plugin. -->","yoast_head_json":{"title":"Mariages - H\u00f4tel Val-Vignes - Saint-Hippolyte, Alsace - Route des Vins","description":"L\u2019H\u00f4tel Val-Vignes, situ\u00e9 au pied du Ch\u00e2teau du Haut-Koenigsbourg, vous ouvre ses portes pour faire de votre mariage un v\u00e9ritable conte de f\u00e9es !","robots":{"index":"index","follow":"follow","max-snippet":"max-snippet:-1","max-image-preview":"max-image-preview:large","max-video-preview":"max-video-preview:-1"},"canonical":"https:\/\/www.valvignes.com\/fr\/mariages\/","og_locale":"fr_FR","og_type":"article","og_title":"Mariages - H\u00f4tel Val-Vignes - Saint-Hippolyte, Alsace - Route des Vins","og_description":"L\u2019H\u00f4tel Val-Vignes, situ\u00e9 au pied du Ch\u00e2teau du Haut-Koenigsbourg, vous ouvre ses portes pour faire de votre mariage un v\u00e9ritable conte de f\u00e9es !","og_url":"https:\/\/www.valvignes.com\/fr\/mariages\/","og_site_name":"H\u00f4tel Val-Vignes","article_modified_time":"2024-08-17T08:37:37+00:00","og_image":[{"width":1800,"height":1201,"url":"https:\/\/www.valvignes.com\/wp-content\/uploads\/2017\/08\/img_mariages01.jpg","type":"image\/jpeg"}],"twitter_card":"summary_large_image","schema":{"@context":"https:\/\/schema.org","@graph":[{"@type":"WebPage","@id":"https:\/\/www.valvignes.com\/fr\/mariages\/","url":"https:\/\/www.valvignes.com\/fr\/mariages\/","name":"Mariages - H\u00f4tel Val-Vignes - Saint-Hippolyte, Alsace - Route des Vins","isPartOf":{"@id":"https:\/\/www.valvignes.com\/fr\/#website"},"primaryImageOfPage":{"@id":"https:\/\/www.valvignes.com\/fr\/mariages\/#primaryimage"},"image":{"@id":"https:\/\/www.valvignes.com\/fr\/mariages\/#primaryimage"},"thumbnailUrl":"https:\/\/www.valvignes.com\/wp-content\/uploads\/2017\/08\/img_mariages01.jpg","datePublished":"2017-10-30T13:35:03+00:00","dateModified":"2024-08-17T08:37:37+00:00","description":"L\u2019H\u00f4tel Val-Vignes, situ\u00e9 au pied du Ch\u00e2teau du Haut-Koenigsbourg, vous ouvre ses portes pour faire de votre mariage un v\u00e9ritable conte de f\u00e9es !","breadcrumb":{"@id":"https:\/\/www.valvignes.com\/fr\/mariages\/#breadcrumb"},"inLanguage":"fr-FR","potentialAction":[{"@type":"ReadAction","target":["https:\/\/www.valvignes.com\/fr\/mariages\/"]}]},{"@type":"ImageObject","inLanguage":"fr-FR","@id":"https:\/\/www.valvignes.com\/fr\/mariages\/#primaryimage","url":"https:\/\/www.valvignes.com\/wp-content\/uploads\/2017\/08\/img_mariages01.jpg","contentUrl":"https:\/\/www.valvignes.com\/wp-content\/uploads\/2017\/08\/img_mariages01.jpg","width":1800,"height":1201},{"@type":"BreadcrumbList","@id":"https:\/\/www.valvignes.com\/fr\/mariages\/#breadcrumb","itemListElement":[{"@type":"ListItem","position":1,"name":"Accueil","item":"https:\/\/www.valvignes.com\/fr\/"},{"@type":"ListItem","position":2,"name":"Mariages"}]},{"@type":"WebSite","@id":"https:\/\/www.valvignes.com\/fr\/#website","url":"https:\/\/www.valvignes.com\/fr\/","name":"H\u00f4tel Val-Vignes","description":"Membre de QUALYS-HOTEL","potentialAction":[{"@type":"SearchAction","target":{"@type":"EntryPoint","urlTemplate":"https:\/\/www.valvignes.com\/fr\/?s={search_term_string}"},"query-input":{"@type":"PropertyValueSpecification","valueRequired":true,"valueName":"search_term_string"}}],"inLanguage":"fr-FR"}]}},"_links":{"self":[{"href":"https:\/\/www.valvignes.com\/fr\/wp-json\/wp\/v2\/pages\/1011","targetHints":{"allow":["GET"]}}],"collection":[{"href":"https:\/\/www.valvignes.com\/fr\/wp-json\/wp\/v2\/pages"}],"about":[{"href":"https:\/\/www.valvignes.com\/fr\/wp-json\/wp\/v2\/types\/page"}],"author":[{"embeddable":true,"href":"https:\/\/www.valvignes.com\/fr\/wp-json\/wp\/v2\/users\/1"}],"replies":[{"embeddable":true,"href":"https:\/\/www.valvignes.com\/fr\/wp-json\/wp\/v2\/comments?post=1011"}],"version-history":[{"count":14,"href":"https:\/\/www.valvignes.com\/fr\/wp-json\/wp\/v2\/pages\/1011\/revisions"}],"predecessor-version":[{"id":23237,"href":"https:\/\/www.valvignes.com\/fr\/wp-json\/wp\/v2\/pages\/1011\/revisions\/23237"}],"wp:featuredmedia":[{"embeddable":true,"href":"https:\/\/www.valvignes.com\/fr\/wp-json\/wp\/v2\/media\/25"}],"wp:attachment":[{"href":"https:\/\/www.valvignes.com\/fr\/wp-json\/wp\/v2\/media?parent=1011"}],"curies":[{"name":"wp","href":"https:\/\/api.w.org\/{rel}","templated":true}]}}