{"id":1141,"date":"2017-10-30T15:45:48","date_gmt":"2017-10-30T14:45:48","guid":{"rendered":"http:\/\/www.valvignes.com\/conditions-generales-de-vente\/"},"modified":"2018-01-15T17:25:42","modified_gmt":"2018-01-15T16:25:42","slug":"condiciones-generales-de-venta","status":"publish","type":"page","link":"https:\/\/www.valvignes.com\/es\/condiciones-generales-de-venta\/","title":{"rendered":"Condiciones generales de venta"},"content":{"rendered":"","protected":false},"excerpt":{"rendered":"","protected":false},"author":1,"featured_media":218,"parent":0,"menu_order":0,"comment_status":"closed","ping_status":"closed","template":"page-flexible.php","meta":{"_acf_changed":false,"footnotes":""},"class_list":["post-1141","page","type-page","status-publish","has-post-thumbnail","hentry"],"acf":[],"yoast_head":"<!-- This site is optimized with the Yoast SEO plugin v26.6 - https:\/\/yoast.com\/wordpress\/plugins\/seo\/ -->\n<title>Conditions g\u00e9n\u00e9rales de vente - H\u00f4tel Val-Vignes - Saint-Hippolyte, Alsace<\/title>\n<meta name=\"description\" content=\"Les pr\u00e9sentes conditions g\u00e9n\u00e9rales de vente s\u2019appliquent aux op\u00e9rations de ventes conclues par l\u2019h\u00f4tel VAL-VIGNES avec ses clients.\" \/>\n<meta name=\"robots\" content=\"index, follow, max-snippet:-1, max-image-preview:large, max-video-preview:-1\" \/>\n<link rel=\"canonical\" href=\"https:\/\/www.valvignes.com\/es\/condiciones-generales-de-venta\/\" \/>\n<meta property=\"og:locale\" content=\"es_ES\" \/>\n<meta property=\"og:type\" content=\"article\" \/>\n<meta property=\"og:title\" content=\"Conditions g\u00e9n\u00e9rales de vente - H\u00f4tel Val-Vignes - Saint-Hippolyte, Alsace\" \/>\n<meta property=\"og:description\" content=\"Les pr\u00e9sentes conditions g\u00e9n\u00e9rales de vente s\u2019appliquent aux op\u00e9rations de ventes conclues par l\u2019h\u00f4tel VAL-VIGNES avec ses clients.\" \/>\n<meta property=\"og:url\" content=\"https:\/\/www.valvignes.com\/es\/condiciones-generales-de-venta\/\" \/>\n<meta property=\"og:site_name\" content=\"H\u00f4tel Val-Vignes\" \/>\n<meta property=\"article:modified_time\" content=\"2018-01-15T16:25:42+00:00\" \/>\n<meta property=\"og:image\" content=\"https:\/\/www.valvignes.com\/wp-content\/uploads\/2017\/08\/img_standard01.jpg\" \/>\n\t<meta property=\"og:image:width\" content=\"1800\" \/>\n\t<meta property=\"og:image:height\" content=\"1201\" \/>\n\t<meta property=\"og:image:type\" content=\"image\/jpeg\" \/>\n<meta name=\"twitter:card\" content=\"summary_large_image\" \/>\n<script type=\"application\/ld+json\" class=\"yoast-schema-graph\">{\"@context\":\"https:\/\/schema.org\",\"@graph\":[{\"@type\":\"WebPage\",\"@id\":\"https:\/\/www.valvignes.com\/es\/condiciones-generales-de-venta\/\",\"url\":\"https:\/\/www.valvignes.com\/es\/condiciones-generales-de-venta\/\",\"name\":\"Conditions g\u00e9n\u00e9rales de vente - H\u00f4tel Val-Vignes - Saint-Hippolyte, Alsace\",\"isPartOf\":{\"@id\":\"https:\/\/www.valvignes.com\/fr\/#website\"},\"primaryImageOfPage\":{\"@id\":\"https:\/\/www.valvignes.com\/es\/condiciones-generales-de-venta\/#primaryimage\"},\"image\":{\"@id\":\"https:\/\/www.valvignes.com\/es\/condiciones-generales-de-venta\/#primaryimage\"},\"thumbnailUrl\":\"https:\/\/www.valvignes.com\/wp-content\/uploads\/2017\/08\/img_standard01.jpg\",\"datePublished\":\"2017-10-30T14:45:48+00:00\",\"dateModified\":\"2018-01-15T16:25:42+00:00\",\"description\":\"Les pr\u00e9sentes conditions g\u00e9n\u00e9rales de vente s\u2019appliquent aux op\u00e9rations de ventes conclues par l\u2019h\u00f4tel VAL-VIGNES avec ses clients.\",\"breadcrumb\":{\"@id\":\"https:\/\/www.valvignes.com\/es\/condiciones-generales-de-venta\/#breadcrumb\"},\"inLanguage\":\"es\",\"potentialAction\":[{\"@type\":\"ReadAction\",\"target\":[\"https:\/\/www.valvignes.com\/es\/condiciones-generales-de-venta\/\"]}]},{\"@type\":\"ImageObject\",\"inLanguage\":\"es\",\"@id\":\"https:\/\/www.valvignes.com\/es\/condiciones-generales-de-venta\/#primaryimage\",\"url\":\"https:\/\/www.valvignes.com\/wp-content\/uploads\/2017\/08\/img_standard01.jpg\",\"contentUrl\":\"https:\/\/www.valvignes.com\/wp-content\/uploads\/2017\/08\/img_standard01.jpg\",\"width\":1800,\"height\":1201},{\"@type\":\"BreadcrumbList\",\"@id\":\"https:\/\/www.valvignes.com\/es\/condiciones-generales-de-venta\/#breadcrumb\",\"itemListElement\":[{\"@type\":\"ListItem\",\"position\":1,\"name\":\"Accueil\",\"item\":\"https:\/\/www.valvignes.com\/es\/\"},{\"@type\":\"ListItem\",\"position\":2,\"name\":\"Condiciones generales de venta\"}]},{\"@type\":\"WebSite\",\"@id\":\"https:\/\/www.valvignes.com\/fr\/#website\",\"url\":\"https:\/\/www.valvignes.com\/fr\/\",\"name\":\"H\u00f4tel Val-Vignes\",\"description\":\"Membre de QUALYS-HOTEL\",\"potentialAction\":[{\"@type\":\"SearchAction\",\"target\":{\"@type\":\"EntryPoint\",\"urlTemplate\":\"https:\/\/www.valvignes.com\/fr\/?s={search_term_string}\"},\"query-input\":{\"@type\":\"PropertyValueSpecification\",\"valueRequired\":true,\"valueName\":\"search_term_string\"}}],\"inLanguage\":\"es\"}]}<\/script>\n<!-- \/ Yoast SEO plugin. -->","yoast_head_json":{"title":"Conditions g\u00e9n\u00e9rales de vente - H\u00f4tel Val-Vignes - Saint-Hippolyte, Alsace","description":"Les pr\u00e9sentes conditions g\u00e9n\u00e9rales de vente s\u2019appliquent aux op\u00e9rations de ventes conclues par l\u2019h\u00f4tel VAL-VIGNES avec ses clients.","robots":{"index":"index","follow":"follow","max-snippet":"max-snippet:-1","max-image-preview":"max-image-preview:large","max-video-preview":"max-video-preview:-1"},"canonical":"https:\/\/www.valvignes.com\/es\/condiciones-generales-de-venta\/","og_locale":"es_ES","og_type":"article","og_title":"Conditions g\u00e9n\u00e9rales de vente - H\u00f4tel Val-Vignes - Saint-Hippolyte, Alsace","og_description":"Les pr\u00e9sentes conditions g\u00e9n\u00e9rales de vente s\u2019appliquent aux op\u00e9rations de ventes conclues par l\u2019h\u00f4tel VAL-VIGNES avec ses clients.","og_url":"https:\/\/www.valvignes.com\/es\/condiciones-generales-de-venta\/","og_site_name":"H\u00f4tel Val-Vignes","article_modified_time":"2018-01-15T16:25:42+00:00","og_image":[{"width":1800,"height":1201,"url":"https:\/\/www.valvignes.com\/wp-content\/uploads\/2017\/08\/img_standard01.jpg","type":"image\/jpeg"}],"twitter_card":"summary_large_image","schema":{"@context":"https:\/\/schema.org","@graph":[{"@type":"WebPage","@id":"https:\/\/www.valvignes.com\/es\/condiciones-generales-de-venta\/","url":"https:\/\/www.valvignes.com\/es\/condiciones-generales-de-venta\/","name":"Conditions g\u00e9n\u00e9rales de vente - H\u00f4tel Val-Vignes - Saint-Hippolyte, Alsace","isPartOf":{"@id":"https:\/\/www.valvignes.com\/fr\/#website"},"primaryImageOfPage":{"@id":"https:\/\/www.valvignes.com\/es\/condiciones-generales-de-venta\/#primaryimage"},"image":{"@id":"https:\/\/www.valvignes.com\/es\/condiciones-generales-de-venta\/#primaryimage"},"thumbnailUrl":"https:\/\/www.valvignes.com\/wp-content\/uploads\/2017\/08\/img_standard01.jpg","datePublished":"2017-10-30T14:45:48+00:00","dateModified":"2018-01-15T16:25:42+00:00","description":"Les pr\u00e9sentes conditions g\u00e9n\u00e9rales de vente s\u2019appliquent aux op\u00e9rations de ventes conclues par l\u2019h\u00f4tel VAL-VIGNES avec ses clients.","breadcrumb":{"@id":"https:\/\/www.valvignes.com\/es\/condiciones-generales-de-venta\/#breadcrumb"},"inLanguage":"es","potentialAction":[{"@type":"ReadAction","target":["https:\/\/www.valvignes.com\/es\/condiciones-generales-de-venta\/"]}]},{"@type":"ImageObject","inLanguage":"es","@id":"https:\/\/www.valvignes.com\/es\/condiciones-generales-de-venta\/#primaryimage","url":"https:\/\/www.valvignes.com\/wp-content\/uploads\/2017\/08\/img_standard01.jpg","contentUrl":"https:\/\/www.valvignes.com\/wp-content\/uploads\/2017\/08\/img_standard01.jpg","width":1800,"height":1201},{"@type":"BreadcrumbList","@id":"https:\/\/www.valvignes.com\/es\/condiciones-generales-de-venta\/#breadcrumb","itemListElement":[{"@type":"ListItem","position":1,"name":"Accueil","item":"https:\/\/www.valvignes.com\/es\/"},{"@type":"ListItem","position":2,"name":"Condiciones generales de venta"}]},{"@type":"WebSite","@id":"https:\/\/www.valvignes.com\/fr\/#website","url":"https:\/\/www.valvignes.com\/fr\/","name":"H\u00f4tel Val-Vignes","description":"Membre de QUALYS-HOTEL","potentialAction":[{"@type":"SearchAction","target":{"@type":"EntryPoint","urlTemplate":"https:\/\/www.valvignes.com\/fr\/?s={search_term_string}"},"query-input":{"@type":"PropertyValueSpecification","valueRequired":true,"valueName":"search_term_string"}}],"inLanguage":"es"}]}},"_links":{"self":[{"href":"https:\/\/www.valvignes.com\/es\/wp-json\/wp\/v2\/pages\/1141","targetHints":{"allow":["GET"]}}],"collection":[{"href":"https:\/\/www.valvignes.com\/es\/wp-json\/wp\/v2\/pages"}],"about":[{"href":"https:\/\/www.valvignes.com\/es\/wp-json\/wp\/v2\/types\/page"}],"author":[{"embeddable":true,"href":"https:\/\/www.valvignes.com\/es\/wp-json\/wp\/v2\/users\/1"}],"replies":[{"embeddable":true,"href":"https:\/\/www.valvignes.com\/es\/wp-json\/wp\/v2\/comments?post=1141"}],"version-history":[{"count":0,"href":"https:\/\/www.valvignes.com\/es\/wp-json\/wp\/v2\/pages\/1141\/revisions"}],"wp:featuredmedia":[{"embeddable":true,"href":"https:\/\/www.valvignes.com\/es\/wp-json\/wp\/v2\/media\/218"}],"wp:attachment":[{"href":"https:\/\/www.valvignes.com\/es\/wp-json\/wp\/v2\/media?parent=1141"}],"curies":[{"name":"wp","href":"https:\/\/api.w.org\/{rel}","templated":true}]}}