{"id":1282,"date":"2017-10-30T15:44:24","date_gmt":"2017-10-30T14:44:24","guid":{"rendered":"http:\/\/www.valvignes.com\/plan-du-site\/"},"modified":"2018-01-15T16:59:47","modified_gmt":"2018-01-15T15:59:47","slug":"plan-du-site","status":"publish","type":"page","link":"https:\/\/www.valvignes.com\/de\/plan-du-site\/","title":{"rendered":"Plan du site"},"content":{"rendered":"<section class=\"section wow fadeInUp\" data-wow-duration=\"1000ms\" data-wow-delay=\"300ms\">\n<div class=\"container\">\n<div class=\"row backgroundWhite textPadding\">\n<div class=\"col-md-8 col-sm-offset-2\">\n<h1 class=\"center\">Plan du site<\/h1>\n<div class=\"wsp-container\"><ul class=\"wsp-pages-list\">\n<li class=\"page_item page-item-388\"><a href=\"https:\/\/www.valvignes.com\/de\/\">Homepage<\/a><\/li>\n<li class=\"page_item page-item-1115\"><a href=\"https:\/\/www.valvignes.com\/de\/hotel\/\">Hotel<\/a><\/li>\n<li class=\"page_item page-item-1120\"><a href=\"https:\/\/www.valvignes.com\/de\/restaurant\/\">Restaurant<\/a><\/li>\n<li class=\"page_item page-item-1301\"><a href=\"https:\/\/www.valvignes.com\/de\/seminare\/\">Seminare<\/a><\/li>\n<li class=\"page_item page-item-1207\"><a href=\"https:\/\/www.valvignes.com\/de\/hochzeitsfeiern\/\">Hochzeitsfeiern<\/a><\/li>\n<li class=\"page_item page-item-1267\"><a href=\"https:\/\/www.valvignes.com\/de\/form-seminar\/\">Ihr Seminar organisieren<\/a><\/li>\n<li class=\"page_item page-item-1252\"><a href=\"https:\/\/www.valvignes.com\/de\/form-hochzeitsfeiern\/\">Ihre Hochzeitsfeier organisieren<\/a><\/li>\n<li class=\"page_item page-item-1154\"><a href=\"https:\/\/www.valvignes.com\/de\/galerie\/\">Galerie<\/a><\/li>\n<li class=\"page_item page-item-1108\"><a href=\"https:\/\/www.valvignes.com\/de\/aktivitaeten-2\/\">Aktivit\u00e4ten<\/a><\/li>\n<li class=\"page_item page-item-1316\"><a href=\"https:\/\/www.valvignes.com\/de\/besichtigungen\/\">Besichtigungen<\/a><\/li>\n<li class=\"page_item page-item-1169\"><a href=\"https:\/\/www.valvignes.com\/de\/histoire\/\">Geschichte<\/a><\/li>\n<li class=\"page_item page-item-1222\"><a href=\"https:\/\/www.valvignes.com\/de\/marianisten\/\">Marianisten<\/a><\/li>\n<li class=\"page_item page-item-1192\"><a href=\"https:\/\/www.valvignes.com\/de\/infos-kontakt\/\">Infos &#038; Kontakt<\/a><\/li>\n<li class=\"page_item page-item-1282\"><a href=\"https:\/\/www.valvignes.com\/de\/plan-du-site\/\">Plan du site<\/a><\/li>\n<li class=\"page_item page-item-1139\"><a href=\"https:\/\/www.valvignes.com\/de\/allgemeine-geschaeftsbedingungen\/\">Allgemeine Gesch\u00e4ftsbedingungen<\/a><\/li>\n<li class=\"page_item page-item-1237\"><a href=\"https:\/\/www.valvignes.com\/de\/rechtliche-hinweise\/\">Rechtliche Hinweise<\/a><\/li>\n<\/ul>\n<\/div>\n<\/div>\n<\/div>\n<\/div>\n<\/section>\n<div class=\"espaceEnd\"><\/div>\n","protected":false},"excerpt":{"rendered":"<p>Plan du site<\/p>\n","protected":false},"author":1,"featured_media":218,"parent":0,"menu_order":0,"comment_status":"closed","ping_status":"closed","template":"","meta":{"_acf_changed":false,"footnotes":""},"class_list":["post-1282","page","type-page","status-publish","has-post-thumbnail","hentry"],"acf":[],"yoast_head":"<!-- This site is optimized with the Yoast SEO plugin v26.6 - https:\/\/yoast.com\/wordpress\/plugins\/seo\/ -->\n<title>Plan du site - H\u00f4tel Val-Vignes - Saint-Hippolyte, Alsace<\/title>\n<meta name=\"description\" content=\"H\u00f4tel \u00e0 Saint-Hippolyte sur la Route des Vins d&#039;Alsace, au pied du Ch\u00e2teau du Haut-K\u0153nigsbourg et pr\u00e8s de S\u00e9lestat et Colmar.\" \/>\n<meta name=\"robots\" content=\"index, follow, max-snippet:-1, max-image-preview:large, max-video-preview:-1\" \/>\n<link rel=\"canonical\" href=\"https:\/\/www.valvignes.com\/de\/plan-du-site\/\" \/>\n<meta property=\"og:locale\" content=\"de_DE\" \/>\n<meta property=\"og:type\" content=\"article\" \/>\n<meta property=\"og:title\" content=\"Plan du site - H\u00f4tel Val-Vignes - Saint-Hippolyte, Alsace\" \/>\n<meta property=\"og:description\" content=\"H\u00f4tel \u00e0 Saint-Hippolyte sur la Route des Vins d&#039;Alsace, au pied du Ch\u00e2teau du Haut-K\u0153nigsbourg et pr\u00e8s de S\u00e9lestat et Colmar.\" \/>\n<meta property=\"og:url\" content=\"https:\/\/www.valvignes.com\/de\/plan-du-site\/\" \/>\n<meta property=\"og:site_name\" content=\"H\u00f4tel Val-Vignes\" \/>\n<meta property=\"article:modified_time\" content=\"2018-01-15T15:59:47+00:00\" \/>\n<meta property=\"og:image\" content=\"https:\/\/www.valvignes.com\/wp-content\/uploads\/2017\/08\/img_standard01.jpg\" \/>\n\t<meta property=\"og:image:width\" content=\"1800\" \/>\n\t<meta property=\"og:image:height\" content=\"1201\" \/>\n\t<meta property=\"og:image:type\" content=\"image\/jpeg\" \/>\n<meta name=\"twitter:card\" content=\"summary_large_image\" \/>\n<script type=\"application\/ld+json\" class=\"yoast-schema-graph\">{\"@context\":\"https:\/\/schema.org\",\"@graph\":[{\"@type\":\"WebPage\",\"@id\":\"https:\/\/www.valvignes.com\/de\/plan-du-site\/\",\"url\":\"https:\/\/www.valvignes.com\/de\/plan-du-site\/\",\"name\":\"Plan du site - H\u00f4tel Val-Vignes - Saint-Hippolyte, Alsace\",\"isPartOf\":{\"@id\":\"https:\/\/www.valvignes.com\/fr\/#website\"},\"primaryImageOfPage\":{\"@id\":\"https:\/\/www.valvignes.com\/de\/plan-du-site\/#primaryimage\"},\"image\":{\"@id\":\"https:\/\/www.valvignes.com\/de\/plan-du-site\/#primaryimage\"},\"thumbnailUrl\":\"https:\/\/www.valvignes.com\/wp-content\/uploads\/2017\/08\/img_standard01.jpg\",\"datePublished\":\"2017-10-30T14:44:24+00:00\",\"dateModified\":\"2018-01-15T15:59:47+00:00\",\"description\":\"H\u00f4tel \u00e0 Saint-Hippolyte sur la Route des Vins d'Alsace, au pied du Ch\u00e2teau du Haut-K\u0153nigsbourg et pr\u00e8s de S\u00e9lestat et Colmar.\",\"breadcrumb\":{\"@id\":\"https:\/\/www.valvignes.com\/de\/plan-du-site\/#breadcrumb\"},\"inLanguage\":\"de\",\"potentialAction\":[{\"@type\":\"ReadAction\",\"target\":[\"https:\/\/www.valvignes.com\/de\/plan-du-site\/\"]}]},{\"@type\":\"ImageObject\",\"inLanguage\":\"de\",\"@id\":\"https:\/\/www.valvignes.com\/de\/plan-du-site\/#primaryimage\",\"url\":\"https:\/\/www.valvignes.com\/wp-content\/uploads\/2017\/08\/img_standard01.jpg\",\"contentUrl\":\"https:\/\/www.valvignes.com\/wp-content\/uploads\/2017\/08\/img_standard01.jpg\",\"width\":1800,\"height\":1201},{\"@type\":\"BreadcrumbList\",\"@id\":\"https:\/\/www.valvignes.com\/de\/plan-du-site\/#breadcrumb\",\"itemListElement\":[{\"@type\":\"ListItem\",\"position\":1,\"name\":\"Accueil\",\"item\":\"https:\/\/www.valvignes.com\/de\/\"},{\"@type\":\"ListItem\",\"position\":2,\"name\":\"Plan du site\"}]},{\"@type\":\"WebSite\",\"@id\":\"https:\/\/www.valvignes.com\/fr\/#website\",\"url\":\"https:\/\/www.valvignes.com\/fr\/\",\"name\":\"H\u00f4tel Val-Vignes\",\"description\":\"Membre de QUALYS-HOTEL\",\"potentialAction\":[{\"@type\":\"SearchAction\",\"target\":{\"@type\":\"EntryPoint\",\"urlTemplate\":\"https:\/\/www.valvignes.com\/fr\/?s={search_term_string}\"},\"query-input\":{\"@type\":\"PropertyValueSpecification\",\"valueRequired\":true,\"valueName\":\"search_term_string\"}}],\"inLanguage\":\"de\"}]}<\/script>\n<!-- \/ Yoast SEO plugin. -->","yoast_head_json":{"title":"Plan du site - H\u00f4tel Val-Vignes - Saint-Hippolyte, Alsace","description":"H\u00f4tel \u00e0 Saint-Hippolyte sur la Route des Vins d'Alsace, au pied du Ch\u00e2teau du Haut-K\u0153nigsbourg et pr\u00e8s de S\u00e9lestat et Colmar.","robots":{"index":"index","follow":"follow","max-snippet":"max-snippet:-1","max-image-preview":"max-image-preview:large","max-video-preview":"max-video-preview:-1"},"canonical":"https:\/\/www.valvignes.com\/de\/plan-du-site\/","og_locale":"de_DE","og_type":"article","og_title":"Plan du site - H\u00f4tel Val-Vignes - Saint-Hippolyte, Alsace","og_description":"H\u00f4tel \u00e0 Saint-Hippolyte sur la Route des Vins d'Alsace, au pied du Ch\u00e2teau du Haut-K\u0153nigsbourg et pr\u00e8s de S\u00e9lestat et Colmar.","og_url":"https:\/\/www.valvignes.com\/de\/plan-du-site\/","og_site_name":"H\u00f4tel Val-Vignes","article_modified_time":"2018-01-15T15:59:47+00:00","og_image":[{"width":1800,"height":1201,"url":"https:\/\/www.valvignes.com\/wp-content\/uploads\/2017\/08\/img_standard01.jpg","type":"image\/jpeg"}],"twitter_card":"summary_large_image","schema":{"@context":"https:\/\/schema.org","@graph":[{"@type":"WebPage","@id":"https:\/\/www.valvignes.com\/de\/plan-du-site\/","url":"https:\/\/www.valvignes.com\/de\/plan-du-site\/","name":"Plan du site - H\u00f4tel Val-Vignes - Saint-Hippolyte, Alsace","isPartOf":{"@id":"https:\/\/www.valvignes.com\/fr\/#website"},"primaryImageOfPage":{"@id":"https:\/\/www.valvignes.com\/de\/plan-du-site\/#primaryimage"},"image":{"@id":"https:\/\/www.valvignes.com\/de\/plan-du-site\/#primaryimage"},"thumbnailUrl":"https:\/\/www.valvignes.com\/wp-content\/uploads\/2017\/08\/img_standard01.jpg","datePublished":"2017-10-30T14:44:24+00:00","dateModified":"2018-01-15T15:59:47+00:00","description":"H\u00f4tel \u00e0 Saint-Hippolyte sur la Route des Vins d'Alsace, au pied du Ch\u00e2teau du Haut-K\u0153nigsbourg et pr\u00e8s de S\u00e9lestat et Colmar.","breadcrumb":{"@id":"https:\/\/www.valvignes.com\/de\/plan-du-site\/#breadcrumb"},"inLanguage":"de","potentialAction":[{"@type":"ReadAction","target":["https:\/\/www.valvignes.com\/de\/plan-du-site\/"]}]},{"@type":"ImageObject","inLanguage":"de","@id":"https:\/\/www.valvignes.com\/de\/plan-du-site\/#primaryimage","url":"https:\/\/www.valvignes.com\/wp-content\/uploads\/2017\/08\/img_standard01.jpg","contentUrl":"https:\/\/www.valvignes.com\/wp-content\/uploads\/2017\/08\/img_standard01.jpg","width":1800,"height":1201},{"@type":"BreadcrumbList","@id":"https:\/\/www.valvignes.com\/de\/plan-du-site\/#breadcrumb","itemListElement":[{"@type":"ListItem","position":1,"name":"Accueil","item":"https:\/\/www.valvignes.com\/de\/"},{"@type":"ListItem","position":2,"name":"Plan du site"}]},{"@type":"WebSite","@id":"https:\/\/www.valvignes.com\/fr\/#website","url":"https:\/\/www.valvignes.com\/fr\/","name":"H\u00f4tel Val-Vignes","description":"Membre de QUALYS-HOTEL","potentialAction":[{"@type":"SearchAction","target":{"@type":"EntryPoint","urlTemplate":"https:\/\/www.valvignes.com\/fr\/?s={search_term_string}"},"query-input":{"@type":"PropertyValueSpecification","valueRequired":true,"valueName":"search_term_string"}}],"inLanguage":"de"}]}},"_links":{"self":[{"href":"https:\/\/www.valvignes.com\/de\/wp-json\/wp\/v2\/pages\/1282","targetHints":{"allow":["GET"]}}],"collection":[{"href":"https:\/\/www.valvignes.com\/de\/wp-json\/wp\/v2\/pages"}],"about":[{"href":"https:\/\/www.valvignes.com\/de\/wp-json\/wp\/v2\/types\/page"}],"author":[{"embeddable":true,"href":"https:\/\/www.valvignes.com\/de\/wp-json\/wp\/v2\/users\/1"}],"replies":[{"embeddable":true,"href":"https:\/\/www.valvignes.com\/de\/wp-json\/wp\/v2\/comments?post=1282"}],"version-history":[{"count":0,"href":"https:\/\/www.valvignes.com\/de\/wp-json\/wp\/v2\/pages\/1282\/revisions"}],"wp:featuredmedia":[{"embeddable":true,"href":"https:\/\/www.valvignes.com\/de\/wp-json\/wp\/v2\/media\/218"}],"wp:attachment":[{"href":"https:\/\/www.valvignes.com\/de\/wp-json\/wp\/v2\/media?parent=1282"}],"curies":[{"name":"wp","href":"https:\/\/api.w.org\/{rel}","templated":true}]}}