{"id":1207,"date":"2017-10-30T14:35:03","date_gmt":"2017-10-30T13:35:03","guid":{"rendered":"http:\/\/www.valvignes.com\/mariages\/"},"modified":"2023-08-14T15:10:50","modified_gmt":"2023-08-14T13:10:50","slug":"hochzeitsfeiern","status":"publish","type":"page","link":"https:\/\/www.valvignes.com\/de\/hochzeitsfeiern\/","title":{"rendered":"Hochzeitsfeiern"},"content":{"rendered":"","protected":false},"excerpt":{"rendered":"","protected":false},"author":1,"featured_media":25,"parent":0,"menu_order":0,"comment_status":"closed","ping_status":"closed","template":"page-flexible.php","meta":{"_acf_changed":false,"footnotes":""},"class_list":["post-1207","page","type-page","status-publish","has-post-thumbnail","hentry"],"acf":[],"yoast_head":"<!-- This site is optimized with the Yoast SEO plugin v26.6 - https:\/\/yoast.com\/wordpress\/plugins\/seo\/ -->\n<title>Hochzeitsfeiern - Hotel Val-Vignes - Saint-Hippolyte im Elsass<\/title>\n<meta name=\"description\" content=\"Das H\u00f4tel Val-Vignes in Saint-Hippolyte begr\u00fc\u00dft Sie, um Ihre Hochzeitsfeier zu einem magischen, unvergesslichen Erlebnis zu machen!\" \/>\n<meta name=\"robots\" content=\"index, follow, max-snippet:-1, max-image-preview:large, max-video-preview:-1\" \/>\n<link rel=\"canonical\" href=\"https:\/\/www.valvignes.com\/de\/hochzeitsfeiern\/\" \/>\n<meta property=\"og:locale\" content=\"de_DE\" \/>\n<meta property=\"og:type\" content=\"article\" \/>\n<meta property=\"og:title\" content=\"Hochzeitsfeiern - Hotel Val-Vignes - Saint-Hippolyte im Elsass\" \/>\n<meta property=\"og:description\" content=\"Das H\u00f4tel Val-Vignes in Saint-Hippolyte begr\u00fc\u00dft Sie, um Ihre Hochzeitsfeier zu einem magischen, unvergesslichen Erlebnis zu machen!\" \/>\n<meta property=\"og:url\" content=\"https:\/\/www.valvignes.com\/de\/hochzeitsfeiern\/\" \/>\n<meta property=\"og:site_name\" content=\"H\u00f4tel Val-Vignes\" \/>\n<meta property=\"article:modified_time\" content=\"2023-08-14T13:10:50+00:00\" \/>\n<meta property=\"og:image\" content=\"https:\/\/www.valvignes.com\/wp-content\/uploads\/2017\/08\/img_mariages01.jpg\" \/>\n\t<meta property=\"og:image:width\" content=\"1800\" \/>\n\t<meta property=\"og:image:height\" content=\"1201\" \/>\n\t<meta property=\"og:image:type\" content=\"image\/jpeg\" \/>\n<meta name=\"twitter:card\" content=\"summary_large_image\" \/>\n<script type=\"application\/ld+json\" class=\"yoast-schema-graph\">{\"@context\":\"https:\/\/schema.org\",\"@graph\":[{\"@type\":\"WebPage\",\"@id\":\"https:\/\/www.valvignes.com\/de\/hochzeitsfeiern\/\",\"url\":\"https:\/\/www.valvignes.com\/de\/hochzeitsfeiern\/\",\"name\":\"Hochzeitsfeiern - Hotel Val-Vignes - Saint-Hippolyte im Elsass\",\"isPartOf\":{\"@id\":\"https:\/\/www.valvignes.com\/fr\/#website\"},\"primaryImageOfPage\":{\"@id\":\"https:\/\/www.valvignes.com\/de\/hochzeitsfeiern\/#primaryimage\"},\"image\":{\"@id\":\"https:\/\/www.valvignes.com\/de\/hochzeitsfeiern\/#primaryimage\"},\"thumbnailUrl\":\"https:\/\/www.valvignes.com\/wp-content\/uploads\/2017\/08\/img_mariages01.jpg\",\"datePublished\":\"2017-10-30T13:35:03+00:00\",\"dateModified\":\"2023-08-14T13:10:50+00:00\",\"description\":\"Das H\u00f4tel Val-Vignes in Saint-Hippolyte begr\u00fc\u00dft Sie, um Ihre Hochzeitsfeier zu einem magischen, unvergesslichen Erlebnis zu machen!\",\"breadcrumb\":{\"@id\":\"https:\/\/www.valvignes.com\/de\/hochzeitsfeiern\/#breadcrumb\"},\"inLanguage\":\"de\",\"potentialAction\":[{\"@type\":\"ReadAction\",\"target\":[\"https:\/\/www.valvignes.com\/de\/hochzeitsfeiern\/\"]}]},{\"@type\":\"ImageObject\",\"inLanguage\":\"de\",\"@id\":\"https:\/\/www.valvignes.com\/de\/hochzeitsfeiern\/#primaryimage\",\"url\":\"https:\/\/www.valvignes.com\/wp-content\/uploads\/2017\/08\/img_mariages01.jpg\",\"contentUrl\":\"https:\/\/www.valvignes.com\/wp-content\/uploads\/2017\/08\/img_mariages01.jpg\",\"width\":1800,\"height\":1201},{\"@type\":\"BreadcrumbList\",\"@id\":\"https:\/\/www.valvignes.com\/de\/hochzeitsfeiern\/#breadcrumb\",\"itemListElement\":[{\"@type\":\"ListItem\",\"position\":1,\"name\":\"Accueil\",\"item\":\"https:\/\/www.valvignes.com\/de\/\"},{\"@type\":\"ListItem\",\"position\":2,\"name\":\"Hochzeitsfeiern\"}]},{\"@type\":\"WebSite\",\"@id\":\"https:\/\/www.valvignes.com\/fr\/#website\",\"url\":\"https:\/\/www.valvignes.com\/fr\/\",\"name\":\"H\u00f4tel Val-Vignes\",\"description\":\"Membre de QUALYS-HOTEL\",\"potentialAction\":[{\"@type\":\"SearchAction\",\"target\":{\"@type\":\"EntryPoint\",\"urlTemplate\":\"https:\/\/www.valvignes.com\/fr\/?s={search_term_string}\"},\"query-input\":{\"@type\":\"PropertyValueSpecification\",\"valueRequired\":true,\"valueName\":\"search_term_string\"}}],\"inLanguage\":\"de\"}]}<\/script>\n<!-- \/ Yoast SEO plugin. -->","yoast_head_json":{"title":"Hochzeitsfeiern - Hotel Val-Vignes - Saint-Hippolyte im Elsass","description":"Das H\u00f4tel Val-Vignes in Saint-Hippolyte begr\u00fc\u00dft Sie, um Ihre Hochzeitsfeier zu einem magischen, unvergesslichen Erlebnis zu machen!","robots":{"index":"index","follow":"follow","max-snippet":"max-snippet:-1","max-image-preview":"max-image-preview:large","max-video-preview":"max-video-preview:-1"},"canonical":"https:\/\/www.valvignes.com\/de\/hochzeitsfeiern\/","og_locale":"de_DE","og_type":"article","og_title":"Hochzeitsfeiern - Hotel Val-Vignes - Saint-Hippolyte im Elsass","og_description":"Das H\u00f4tel Val-Vignes in Saint-Hippolyte begr\u00fc\u00dft Sie, um Ihre Hochzeitsfeier zu einem magischen, unvergesslichen Erlebnis zu machen!","og_url":"https:\/\/www.valvignes.com\/de\/hochzeitsfeiern\/","og_site_name":"H\u00f4tel Val-Vignes","article_modified_time":"2023-08-14T13:10:50+00:00","og_image":[{"width":1800,"height":1201,"url":"https:\/\/www.valvignes.com\/wp-content\/uploads\/2017\/08\/img_mariages01.jpg","type":"image\/jpeg"}],"twitter_card":"summary_large_image","schema":{"@context":"https:\/\/schema.org","@graph":[{"@type":"WebPage","@id":"https:\/\/www.valvignes.com\/de\/hochzeitsfeiern\/","url":"https:\/\/www.valvignes.com\/de\/hochzeitsfeiern\/","name":"Hochzeitsfeiern - Hotel Val-Vignes - Saint-Hippolyte im Elsass","isPartOf":{"@id":"https:\/\/www.valvignes.com\/fr\/#website"},"primaryImageOfPage":{"@id":"https:\/\/www.valvignes.com\/de\/hochzeitsfeiern\/#primaryimage"},"image":{"@id":"https:\/\/www.valvignes.com\/de\/hochzeitsfeiern\/#primaryimage"},"thumbnailUrl":"https:\/\/www.valvignes.com\/wp-content\/uploads\/2017\/08\/img_mariages01.jpg","datePublished":"2017-10-30T13:35:03+00:00","dateModified":"2023-08-14T13:10:50+00:00","description":"Das H\u00f4tel Val-Vignes in Saint-Hippolyte begr\u00fc\u00dft Sie, um Ihre Hochzeitsfeier zu einem magischen, unvergesslichen Erlebnis zu machen!","breadcrumb":{"@id":"https:\/\/www.valvignes.com\/de\/hochzeitsfeiern\/#breadcrumb"},"inLanguage":"de","potentialAction":[{"@type":"ReadAction","target":["https:\/\/www.valvignes.com\/de\/hochzeitsfeiern\/"]}]},{"@type":"ImageObject","inLanguage":"de","@id":"https:\/\/www.valvignes.com\/de\/hochzeitsfeiern\/#primaryimage","url":"https:\/\/www.valvignes.com\/wp-content\/uploads\/2017\/08\/img_mariages01.jpg","contentUrl":"https:\/\/www.valvignes.com\/wp-content\/uploads\/2017\/08\/img_mariages01.jpg","width":1800,"height":1201},{"@type":"BreadcrumbList","@id":"https:\/\/www.valvignes.com\/de\/hochzeitsfeiern\/#breadcrumb","itemListElement":[{"@type":"ListItem","position":1,"name":"Accueil","item":"https:\/\/www.valvignes.com\/de\/"},{"@type":"ListItem","position":2,"name":"Hochzeitsfeiern"}]},{"@type":"WebSite","@id":"https:\/\/www.valvignes.com\/fr\/#website","url":"https:\/\/www.valvignes.com\/fr\/","name":"H\u00f4tel Val-Vignes","description":"Membre de QUALYS-HOTEL","potentialAction":[{"@type":"SearchAction","target":{"@type":"EntryPoint","urlTemplate":"https:\/\/www.valvignes.com\/fr\/?s={search_term_string}"},"query-input":{"@type":"PropertyValueSpecification","valueRequired":true,"valueName":"search_term_string"}}],"inLanguage":"de"}]}},"_links":{"self":[{"href":"https:\/\/www.valvignes.com\/de\/wp-json\/wp\/v2\/pages\/1207","targetHints":{"allow":["GET"]}}],"collection":[{"href":"https:\/\/www.valvignes.com\/de\/wp-json\/wp\/v2\/pages"}],"about":[{"href":"https:\/\/www.valvignes.com\/de\/wp-json\/wp\/v2\/types\/page"}],"author":[{"embeddable":true,"href":"https:\/\/www.valvignes.com\/de\/wp-json\/wp\/v2\/users\/1"}],"replies":[{"embeddable":true,"href":"https:\/\/www.valvignes.com\/de\/wp-json\/wp\/v2\/comments?post=1207"}],"version-history":[{"count":2,"href":"https:\/\/www.valvignes.com\/de\/wp-json\/wp\/v2\/pages\/1207\/revisions"}],"predecessor-version":[{"id":18986,"href":"https:\/\/www.valvignes.com\/de\/wp-json\/wp\/v2\/pages\/1207\/revisions\/18986"}],"wp:featuredmedia":[{"embeddable":true,"href":"https:\/\/www.valvignes.com\/de\/wp-json\/wp\/v2\/media\/25"}],"wp:attachment":[{"href":"https:\/\/www.valvignes.com\/de\/wp-json\/wp\/v2\/media?parent=1207"}],"curies":[{"name":"wp","href":"https:\/\/api.w.org\/{rel}","templated":true}]}}